{"id":110,"date":"2023-12-05T14:33:20","date_gmt":"2023-12-05T14:33:20","guid":{"rendered":"https:\/\/miradyved.ihermandad.es\/?page_id=110"},"modified":"2023-12-05T14:37:18","modified_gmt":"2023-12-05T14:37:18","slug":"grupo-de-mujeres","status":"publish","type":"page","link":"https:\/\/miradyved.org\/index.php\/grupo-de-mujeres\/","title":{"rendered":"Grupo de Mujeres"},"content":{"rendered":"\t\t<div data-elementor-type=\"wp-page\" data-elementor-id=\"110\" class=\"elementor elementor-110\" data-elementor-post-type=\"page\">\n\t\t\t\t<div class=\"elementor-element elementor-element-c37c26b e-flex e-con-boxed e-con e-parent\" data-id=\"c37c26b\" data-element_type=\"container\" data-e-type=\"container\">\n\t\t\t\t\t<div class=\"e-con-inner\">\n\t\t\t\t<div class=\"elementor-element elementor-element-ae63d7c elementor-widget elementor-widget-image\" data-id=\"ae63d7c\" data-element_type=\"widget\" data-e-type=\"widget\" data-widget_type=\"image.default\">\n\t\t\t\t<div class=\"elementor-widget-container\">\n\t\t\t\t\t\t\t\t\t\t\t\t\t\t\t<img decoding=\"async\" width=\"188\" height=\"251\" src=\"https:\/\/miradyved.org\/wp-content\/uploads\/2023\/12\/Grupo-de-Mujeres-1.jpg\" class=\"attachment-large size-large wp-image-112\" alt=\"\" \/>\t\t\t\t\t\t\t\t\t\t\t\t\t\t\t<\/div>\n\t\t\t\t<\/div>\n\t\t\t\t<div class=\"elementor-element elementor-element-0ff7d97 elementor-widget elementor-widget-text-editor\" data-id=\"0ff7d97\" data-element_type=\"widget\" data-e-type=\"widget\" data-widget_type=\"text-editor.default\">\n\t\t\t\t<div class=\"elementor-widget-container\">\n\t\t\t\t\t\t\t\t\t<p>El grupo de mujeres se reorganiz\u00f3 y puso en funcionamiento en el a\u00f1o 2004 y, a partir de este momento, ha ido adquiriendo una presencia y un protagonismo creciente en todos los \u00e1mbitos de la vida de nuestra Hermandad.<\/p><p>Creado con la intenci\u00f3n de conseguir la integraci\u00f3n plena de las hermanas en nuestra corporaci\u00f3n, en la actualidad est\u00e1 compuesto por un numeroso y activo grupo de hermanas que desarrollan diversas actividades entre las cuales podemos destacar las siguientes:<\/p><p><strong>\u00a0<\/strong><strong style=\"color: var( --e-global-color-text ); font-family: var( --e-global-typography-text-font-family ), Sans-serif; text-align: var(--text-align); font-size: 1rem;\">Relaci\u00f3n de Actividades:<\/strong><\/p><ul><li>Coro de la Hermandad<\/li><li>Coro de Campanilleros<\/li><li>Taller de Costura<\/li><li>Colaboraci\u00f3n en el Grupo de Pastoral de la Salud de nuestra Parroquia<\/li><li>Participaci\u00f3n activa en todos los cultos celebrados por la Hermandad<\/li><li>Colaboraci\u00f3n en la Taberna Barroca, la Caseta de Feria y la Terraza de Verano<\/li><li>Organizaci\u00f3n de meriendas y actos ben\u00e9ficos destinados a fines solidarios<\/li><li>Participaci\u00f3n en los traslados de nuestras Im\u00e1genes Titulares<\/li><li>Rezo del Santo Rosario durante todos los viernes del mes de octubre<\/li><li>Colaboraci\u00f3n en la pedida, en las mesas petitorias de la Hermandad y en la organizaci\u00f3n de la Cofrad\u00eda del Viernes Santo<\/li><li>Taller de confecci\u00f3n de palmas para el Domingo de Ramos<\/li><li>Colaboraci\u00f3n en la Catequesis de la Parroquia<\/li><\/ul><p><img decoding=\"async\" class=\"size-full wp-image-113 alignright\" src=\"https:\/\/miradyved.ihermandad.es\/wp-content\/uploads\/2023\/12\/Grupo-de-Mujeres-2.jpg\" alt=\"\" width=\"188\" height=\"140\" \/><\/p><p>Durante el mandato de la actual Junta de Gobierno la coordinaci\u00f3n del Grupo de mujeres ha sido encomendada a la Diputada de Casa Hermandad, Do\u00f1a Tomasa L\u00f3pez M\u00e9ndez y a la Diputada de Formaci\u00f3n y Apostolado, Do\u00f1a Nieves Garc\u00eda Navarro.<\/p><p>La Hermandad quiere aprovechar la apertura de esta p\u00e1gina Web para reiterar a todas las hermanas la invitaci\u00f3n a incorporarse a las actividades del Grupo de Mujeres y recordarles una vez m\u00e1s la disposici\u00f3n de la Junta de Gobierno a escuchar todas sus inquietudes, propuestas y sugerencias.<\/p>\t\t\t\t\t\t\t\t<\/div>\n\t\t\t\t<\/div>\n\t\t\t\t\t<\/div>\n\t\t\t\t<\/div>\n\t\t\t\t<\/div>\n\t\t","protected":false},"excerpt":{"rendered":"<p>El grupo de mujeres se reorganiz\u00f3 y puso en funcionamiento en el a\u00f1o 2004 y, a partir de este momento, ha ido adquiriendo una presencia y un protagonismo creciente en todos los \u00e1mbitos de la vida de nuestra Hermandad. Creado con la intenci\u00f3n de conseguir la integraci\u00f3n plena de las hermanas en nuestra corporaci\u00f3n, en [&hellip;]<\/p>\n","protected":false},"author":2,"featured_media":0,"parent":0,"menu_order":0,"comment_status":"closed","ping_status":"closed","template":"","meta":{"footnotes":""},"class_list":["post-110","page","type-page","status-publish","hentry"],"_links":{"self":[{"href":"https:\/\/miradyved.org\/index.php\/wp-json\/wp\/v2\/pages\/110","targetHints":{"allow":["GET"]}}],"collection":[{"href":"https:\/\/miradyved.org\/index.php\/wp-json\/wp\/v2\/pages"}],"about":[{"href":"https:\/\/miradyved.org\/index.php\/wp-json\/wp\/v2\/types\/page"}],"author":[{"embeddable":true,"href":"https:\/\/miradyved.org\/index.php\/wp-json\/wp\/v2\/users\/2"}],"replies":[{"embeddable":true,"href":"https:\/\/miradyved.org\/index.php\/wp-json\/wp\/v2\/comments?post=110"}],"version-history":[{"count":7,"href":"https:\/\/miradyved.org\/index.php\/wp-json\/wp\/v2\/pages\/110\/revisions"}],"predecessor-version":[{"id":119,"href":"https:\/\/miradyved.org\/index.php\/wp-json\/wp\/v2\/pages\/110\/revisions\/119"}],"wp:attachment":[{"href":"https:\/\/miradyved.org\/index.php\/wp-json\/wp\/v2\/media?parent=110"}],"curies":[{"name":"wp","href":"https:\/\/api.w.org\/{rel}","templated":true}]}}