{"id":120,"date":"2023-12-05T14:41:05","date_gmt":"2023-12-05T14:41:05","guid":{"rendered":"https:\/\/miradyved.ihermandad.es\/?page_id=120"},"modified":"2024-08-30T08:48:47","modified_gmt":"2024-08-30T08:48:47","slug":"contacto","status":"publish","type":"page","link":"https:\/\/miradyved.org\/index.php\/contacto\/","title":{"rendered":"CONTACTO"},"content":{"rendered":"\t\t<div data-elementor-type=\"wp-page\" data-elementor-id=\"120\" class=\"elementor elementor-120\" data-elementor-post-type=\"page\">\n\t\t\t\t<div class=\"elementor-element elementor-element-32372a1 e-flex e-con-boxed e-con e-parent\" data-id=\"32372a1\" data-element_type=\"container\" data-e-type=\"container\">\n\t\t\t\t\t<div class=\"e-con-inner\">\n\t\t\t\t<div class=\"elementor-element elementor-element-8923438 elementor-widget elementor-widget-image\" data-id=\"8923438\" data-element_type=\"widget\" data-e-type=\"widget\" data-widget_type=\"image.default\">\n\t\t\t\t<div class=\"elementor-widget-container\">\n\t\t\t\t\t\t\t\t\t\t\t\t\t\t\t<img fetchpriority=\"high\" decoding=\"async\" width=\"257\" height=\"375\" src=\"https:\/\/miradyved.org\/wp-content\/uploads\/2023\/12\/Contacto.jpg\" class=\"attachment-large size-large wp-image-122\" alt=\"\" srcset=\"https:\/\/miradyved.org\/wp-content\/uploads\/2023\/12\/Contacto.jpg 257w, https:\/\/miradyved.org\/wp-content\/uploads\/2023\/12\/Contacto-206x300.jpg 206w\" sizes=\"(max-width: 257px) 100vw, 257px\" \/>\t\t\t\t\t\t\t\t\t\t\t\t\t\t\t<\/div>\n\t\t\t\t<\/div>\n\t\t\t\t<div class=\"elementor-element elementor-element-f7ea9d0 elementor-widget elementor-widget-text-editor\" data-id=\"f7ea9d0\" data-element_type=\"widget\" data-e-type=\"widget\" data-widget_type=\"text-editor.default\">\n\t\t\t\t<div class=\"elementor-widget-container\">\n\t\t\t\t\t\t\t\t\t<h4><strong>Direcci\u00f3n Postal<\/strong><\/h4><p>Hermandad y Cofrad\u00eda de Nazarenos de Nuestro Padre Jes\u00fas Nazareno, Santo Entierro de Cristo y Nuestra Se\u00f1ora de los Dolores en su Soledad<br \/>Calle Larga, 20<br \/>41804 Olivares<br \/>Sevilla<\/p><h4><strong>Correos electr\u00f3nicos<\/strong><\/h4><p>Si desea ponerse en contacto con la Hermandad o bien dirigirse a alguno de los miembros de la Junta de Gobierno para realizar una consulta o enviar sus comentarios o sugerencias, puede utilizar las siguientes direcciones de correo electr\u00f3nico:<\/p><ul><li><strong>Secretar\u00eda:<\/strong>\u00a0secretario@miradyved.org<\/li><li><strong>Mayordom\u00eda:<\/strong> mayordomia@miradyved.org<\/li><li><strong>Diputaci\u00f3n Mayor de Gobierno:<\/strong> cofradia@miradyved.org<\/li><\/ul><p>En caso de que plantee alguna pregunta le ser\u00e1 respondida a la mayor brevedad posible.<\/p>\t\t\t\t\t\t\t\t<\/div>\n\t\t\t\t<\/div>\n\t\t\t\t\t<\/div>\n\t\t\t\t<\/div>\n\t\t<div class=\"elementor-element elementor-element-dff3c0e e-flex e-con-boxed e-con e-parent\" data-id=\"dff3c0e\" data-element_type=\"container\" data-e-type=\"container\">\n\t\t\t\t\t<div class=\"e-con-inner\">\n\t\t\t\t<div class=\"elementor-element elementor-element-58c128e elementor-widget elementor-widget-google_maps\" data-id=\"58c128e\" data-element_type=\"widget\" data-e-type=\"widget\" data-widget_type=\"google_maps.default\">\n\t\t\t\t<div class=\"elementor-widget-container\">\n\t\t\t\t\t\t\t<div class=\"elementor-custom-embed\">\n\t\t\t<iframe loading=\"lazy\"\n\t\t\t\t\tsrc=\"https:\/\/maps.google.com\/maps?q=Calle%20Larga%2C%2020%2C%2041804%20Olivares%2C%20Sevilla&#038;t=m&#038;z=10&#038;output=embed&#038;iwloc=near\"\n\t\t\t\t\ttitle=\"Calle Larga, 20, 41804 Olivares, Sevilla\"\n\t\t\t\t\taria-label=\"Calle Larga, 20, 41804 Olivares, Sevilla\"\n\t\t\t><\/iframe>\n\t\t<\/div>\n\t\t\t\t\t\t<\/div>\n\t\t\t\t<\/div>\n\t\t\t\t\t<\/div>\n\t\t\t\t<\/div>\n\t\t\t\t<\/div>\n\t\t","protected":false},"excerpt":{"rendered":"<p>Direcci\u00f3n Postal Hermandad y Cofrad\u00eda de Nazarenos de Nuestro Padre Jes\u00fas Nazareno, Santo Entierro de Cristo y Nuestra Se\u00f1ora de los Dolores en su SoledadCalle Larga, 2041804 OlivaresSevilla Correos electr\u00f3nicos Si desea ponerse en contacto con la Hermandad o bien dirigirse a alguno de los miembros de la Junta de Gobierno para realizar una consulta [&hellip;]<\/p>\n","protected":false},"author":2,"featured_media":0,"parent":0,"menu_order":0,"comment_status":"closed","ping_status":"closed","template":"","meta":{"footnotes":""},"class_list":["post-120","page","type-page","status-publish","hentry"],"_links":{"self":[{"href":"https:\/\/miradyved.org\/index.php\/wp-json\/wp\/v2\/pages\/120","targetHints":{"allow":["GET"]}}],"collection":[{"href":"https:\/\/miradyved.org\/index.php\/wp-json\/wp\/v2\/pages"}],"about":[{"href":"https:\/\/miradyved.org\/index.php\/wp-json\/wp\/v2\/types\/page"}],"author":[{"embeddable":true,"href":"https:\/\/miradyved.org\/index.php\/wp-json\/wp\/v2\/users\/2"}],"replies":[{"embeddable":true,"href":"https:\/\/miradyved.org\/index.php\/wp-json\/wp\/v2\/comments?post=120"}],"version-history":[{"count":20,"href":"https:\/\/miradyved.org\/index.php\/wp-json\/wp\/v2\/pages\/120\/revisions"}],"predecessor-version":[{"id":7529,"href":"https:\/\/miradyved.org\/index.php\/wp-json\/wp\/v2\/pages\/120\/revisions\/7529"}],"wp:attachment":[{"href":"https:\/\/miradyved.org\/index.php\/wp-json\/wp\/v2\/media?parent=120"}],"curies":[{"name":"wp","href":"https:\/\/api.w.org\/{rel}","templated":true}]}}