{"id":1398,"date":"2024-02-21T21:56:40","date_gmt":"2024-02-21T21:56:40","guid":{"rendered":"https:\/\/miradyved.ihermandad.es\/?page_id=1398"},"modified":"2024-02-21T21:59:29","modified_gmt":"2024-02-21T21:59:29","slug":"nuestra-hermandad-y-la-casa-de-alba","status":"publish","type":"page","link":"https:\/\/miradyved.org\/index.php\/nuestra-hermandad-y-la-casa-de-alba\/","title":{"rendered":"NUESTRA HERMANDAD Y LA CASA DE ALBA"},"content":{"rendered":"\t\t<div data-elementor-type=\"wp-page\" data-elementor-id=\"1398\" class=\"elementor elementor-1398\" data-elementor-post-type=\"page\">\n\t\t\t\t<div class=\"elementor-element elementor-element-effb95d e-flex e-con-boxed e-con e-parent\" data-id=\"effb95d\" data-element_type=\"container\" data-e-type=\"container\">\n\t\t\t\t\t<div class=\"e-con-inner\">\n\t\t\t\t<div class=\"elementor-element elementor-element-284c84f elementor-widget elementor-widget-image\" data-id=\"284c84f\" data-element_type=\"widget\" data-e-type=\"widget\" data-widget_type=\"image.default\">\n\t\t\t\t<div class=\"elementor-widget-container\">\n\t\t\t\t\t\t\t\t\t\t\t\t\t\t\t<img fetchpriority=\"high\" decoding=\"async\" width=\"439\" height=\"399\" src=\"https:\/\/miradyved.org\/wp-content\/uploads\/2024\/02\/Hermandad-y-Casa-de-Alba.webp\" class=\"attachment-large size-large wp-image-1397\" alt=\"\" srcset=\"https:\/\/miradyved.org\/wp-content\/uploads\/2024\/02\/Hermandad-y-Casa-de-Alba.webp 439w, https:\/\/miradyved.org\/wp-content\/uploads\/2024\/02\/Hermandad-y-Casa-de-Alba-300x273.webp 300w\" sizes=\"(max-width: 439px) 100vw, 439px\" \/>\t\t\t\t\t\t\t\t\t\t\t\t\t\t\t<\/div>\n\t\t\t\t<\/div>\n\t\t\t\t<div class=\"elementor-element elementor-element-df9fb84 elementor-widget elementor-widget-text-editor\" data-id=\"df9fb84\" data-element_type=\"widget\" data-e-type=\"widget\" data-widget_type=\"text-editor.default\">\n\t\t\t\t<div class=\"elementor-widget-container\">\n\t\t\t\t\t\t\t\t\t<ol><li>Ram\u00f3n Ca\u00f1izares Jap\u00f3n, prestigioso investigador de la historia de las cofrad\u00edas de Sevilla y archivero de la Hermandad de la Soledad de San Lorenzo, nos ha enviado recientemente esta noticia que ha encontrado en la Hemeroteca del Diario ABC y que aporta datos muy interesantes sobre la relaci\u00f3n entre nuestra Hermandad y la Casa Ducal en el siglo pasado, ya que documenta la primera visita oficial a Olivares de la entonces Duquesa de Montoro y actual Duquesa de Alba, invitada por la Hermandad para la jura del cargo de Camarera de Honor de Nuestra Se\u00f1ora de los Dolores en su Soledad. Se trata de una cr\u00f3nica, publicada en la secci\u00f3n \u00abEcos de Sociedad\u00bb bajo el t\u00edtulo de \u00abVisita Noble\u00bb, que relata la visita que realizaron a la Villa de Olivares el d\u00eda 30 de abril de 1.948 los entonces Excelent\u00edsimos Se\u00f1ores Duques de Montoro, D. Pedro Luis Mart\u00ednez de Irujo y Artazcoz y D\u00aa Cayetana Fitz-James Stuart y de Silva, quienes hab\u00edan contra\u00eddo matrimonio en la Catedral de Sevilla el 12 de octubre de 1.947. El texto de la noticia, que aparece en la edici\u00f3n del domingo 2 de mayo de 1.948, es el siguiente:<\/li><\/ol><p><em>\u00abA las seis de la tarde del d\u00eda 30 pr\u00f3ximo pasado, previa invitaci\u00f3n por la Hermandad de la Soledad de Olivares (Sevilla), giraron visita los excelent\u00edsimos se\u00f1ores duques de Montoso, acompa\u00f1ados por D. Armando Soto Ibarra, a fin de jurar los cargos que en dicha Hermandad ostentan de Hermano Mayor Honorario, camarera de honor y hermano honorario respectivamente. En la puerta de la iglesia parroquial fueron recibidos los ilustres visitantes por el se\u00f1or cura p\u00e1rroco, se\u00f1or alcalde, comandante de puesto de la guardia civil, Junta de Gobierno de la Hermandad y numeroso p\u00fablico. Despu\u00e9s de visitar el Sagrario, pasaron a la capilla de Nuestra Se\u00f1ora de la Soledad a la jura de los cargos, cant\u00e1ndose al final de la ceremonia solemne Salve a la Sant\u00edsima Virgen. Detenidamente admiraron una vez m\u00e1s las preciadas obras de arte del templo, retablos, im\u00e1genes, cuadros, pante\u00f3n de sus antepasados, etc., y despu\u00e9s de ser obsequiada la excelent\u00edsima se\u00f1ora duquesa con un ramo de claveles, acompa\u00f1ados por la Hermandad visitaron la capilla de la Santa Vera-Cruz, desde donde, seguidamente, entre aplausos, partieron a visitar sus posesiones en el campo. Olivares vivi\u00f3 unos instantes de alegr\u00eda y se honr\u00f3 al tener tan distinguida visita, muy especialmente la Hermandad, quien no encuentra palabras para tan grande agradecimiento y se encuentra orgullos\u00edsima al tener entre sus cofrades a tan nobil\u00edsimos se\u00f1ores.-R.\u00bb<\/em><\/p><p><a href=\"http:\/\/s316154843.mialojamiento.es\/wp-content\/uploads\/2010\/04\/0160.pdf\">Ver noticia ABC de 1948<\/a><\/p>\t\t\t\t\t\t\t\t<\/div>\n\t\t\t\t<\/div>\n\t\t\t\t\t<\/div>\n\t\t\t\t<\/div>\n\t\t\t\t<\/div>\n\t\t","protected":false},"excerpt":{"rendered":"<p>Ram\u00f3n Ca\u00f1izares Jap\u00f3n, prestigioso investigador de la historia de las cofrad\u00edas de Sevilla y archivero de la Hermandad de la Soledad de San Lorenzo, nos ha enviado recientemente esta noticia que ha encontrado en la Hemeroteca del Diario ABC y que aporta datos muy interesantes sobre la relaci\u00f3n entre nuestra Hermandad y la Casa Ducal [&hellip;]<\/p>\n","protected":false},"author":2,"featured_media":0,"parent":0,"menu_order":0,"comment_status":"closed","ping_status":"closed","template":"","meta":{"footnotes":""},"class_list":["post-1398","page","type-page","status-publish","hentry"],"_links":{"self":[{"href":"https:\/\/miradyved.org\/index.php\/wp-json\/wp\/v2\/pages\/1398","targetHints":{"allow":["GET"]}}],"collection":[{"href":"https:\/\/miradyved.org\/index.php\/wp-json\/wp\/v2\/pages"}],"about":[{"href":"https:\/\/miradyved.org\/index.php\/wp-json\/wp\/v2\/types\/page"}],"author":[{"embeddable":true,"href":"https:\/\/miradyved.org\/index.php\/wp-json\/wp\/v2\/users\/2"}],"replies":[{"embeddable":true,"href":"https:\/\/miradyved.org\/index.php\/wp-json\/wp\/v2\/comments?post=1398"}],"version-history":[{"count":4,"href":"https:\/\/miradyved.org\/index.php\/wp-json\/wp\/v2\/pages\/1398\/revisions"}],"predecessor-version":[{"id":1402,"href":"https:\/\/miradyved.org\/index.php\/wp-json\/wp\/v2\/pages\/1398\/revisions\/1402"}],"wp:attachment":[{"href":"https:\/\/miradyved.org\/index.php\/wp-json\/wp\/v2\/media?parent=1398"}],"curies":[{"name":"wp","href":"https:\/\/api.w.org\/{rel}","templated":true}]}}