{"id":175,"date":"2023-12-05T17:43:21","date_gmt":"2023-12-05T17:43:21","guid":{"rendered":"https:\/\/miradyved.ihermandad.es\/?page_id=175"},"modified":"2023-12-05T17:46:14","modified_gmt":"2023-12-05T17:46:14","slug":"heraldica","status":"publish","type":"page","link":"https:\/\/miradyved.org\/index.php\/heraldica\/","title":{"rendered":"Her\u00e1ldica"},"content":{"rendered":"\t\t<div data-elementor-type=\"wp-page\" data-elementor-id=\"175\" class=\"elementor elementor-175\" data-elementor-post-type=\"page\">\n\t\t\t\t<div class=\"elementor-element elementor-element-c42b930 e-flex e-con-boxed e-con e-parent\" data-id=\"c42b930\" data-element_type=\"container\" data-e-type=\"container\">\n\t\t\t\t\t<div class=\"e-con-inner\">\n\t\t\t\t<div class=\"elementor-element elementor-element-9782dff elementor-widget elementor-widget-text-editor\" data-id=\"9782dff\" data-element_type=\"widget\" data-e-type=\"widget\" data-widget_type=\"text-editor.default\">\n\t\t\t\t<div class=\"elementor-widget-container\">\n\t\t\t\t\t\t\t\t\t<p><strong>Escudo<\/strong><\/p><p>El emblema o escudo de esta Hermandad est\u00e1 constituido por una Cruz sobre el Monte Calvario, en la que se apoyan dos escaleras y de la que cuelga la s\u00e1bana sudaria; al pie de la Cruz, sobre el Calvario, el Coraz\u00f3n con las siete espadas; todo ello sobre fondo morado y enmarcado por un c\u00edrculo u \u00f3valo.<\/p>\t\t\t\t\t\t\t\t<\/div>\n\t\t\t\t<\/div>\n\t\t\t\t<div class=\"elementor-element elementor-element-ff9cebb elementor-widget elementor-widget-image\" data-id=\"ff9cebb\" data-element_type=\"widget\" data-e-type=\"widget\" data-widget_type=\"image.default\">\n\t\t\t\t<div class=\"elementor-widget-container\">\n\t\t\t\t\t\t\t\t\t\t\t\t\t\t\t<img fetchpriority=\"high\" decoding=\"async\" width=\"768\" height=\"1022\" src=\"https:\/\/miradyved.org\/wp-content\/uploads\/2023\/12\/Escudo-768x1022.jpg\" class=\"attachment-medium_large size-medium_large wp-image-177\" alt=\"\" srcset=\"https:\/\/miradyved.org\/wp-content\/uploads\/2023\/12\/Escudo-768x1022.jpg 768w, https:\/\/miradyved.org\/wp-content\/uploads\/2023\/12\/Escudo-226x300.jpg 226w, https:\/\/miradyved.org\/wp-content\/uploads\/2023\/12\/Escudo-770x1024.jpg 770w, https:\/\/miradyved.org\/wp-content\/uploads\/2023\/12\/Escudo.jpg 948w\" sizes=\"(max-width: 768px) 100vw, 768px\" \/>\t\t\t\t\t\t\t\t\t\t\t\t\t\t\t<\/div>\n\t\t\t\t<\/div>\n\t\t\t\t\t<\/div>\n\t\t\t\t<\/div>\n\t\t\t\t<\/div>\n\t\t","protected":false},"excerpt":{"rendered":"<p>Escudo El emblema o escudo de esta Hermandad est\u00e1 constituido por una Cruz sobre el Monte Calvario, en la que se apoyan dos escaleras y de la que cuelga la s\u00e1bana sudaria; al pie de la Cruz, sobre el Calvario, el Coraz\u00f3n con las siete espadas; todo ello sobre fondo morado y enmarcado por un [&hellip;]<\/p>\n","protected":false},"author":2,"featured_media":0,"parent":0,"menu_order":0,"comment_status":"closed","ping_status":"closed","template":"","meta":{"footnotes":""},"class_list":["post-175","page","type-page","status-publish","hentry"],"_links":{"self":[{"href":"https:\/\/miradyved.org\/index.php\/wp-json\/wp\/v2\/pages\/175","targetHints":{"allow":["GET"]}}],"collection":[{"href":"https:\/\/miradyved.org\/index.php\/wp-json\/wp\/v2\/pages"}],"about":[{"href":"https:\/\/miradyved.org\/index.php\/wp-json\/wp\/v2\/types\/page"}],"author":[{"embeddable":true,"href":"https:\/\/miradyved.org\/index.php\/wp-json\/wp\/v2\/users\/2"}],"replies":[{"embeddable":true,"href":"https:\/\/miradyved.org\/index.php\/wp-json\/wp\/v2\/comments?post=175"}],"version-history":[{"count":4,"href":"https:\/\/miradyved.org\/index.php\/wp-json\/wp\/v2\/pages\/175\/revisions"}],"predecessor-version":[{"id":180,"href":"https:\/\/miradyved.org\/index.php\/wp-json\/wp\/v2\/pages\/175\/revisions\/180"}],"wp:attachment":[{"href":"https:\/\/miradyved.org\/index.php\/wp-json\/wp\/v2\/media?parent=175"}],"curies":[{"name":"wp","href":"https:\/\/api.w.org\/{rel}","templated":true}]}}