{"id":181,"date":"2023-12-05T17:48:43","date_gmt":"2023-12-05T17:48:43","guid":{"rendered":"https:\/\/miradyved.ihermandad.es\/?page_id=181"},"modified":"2024-02-19T14:24:35","modified_gmt":"2024-02-19T14:24:35","slug":"patrimonio-musical","status":"publish","type":"page","link":"https:\/\/miradyved.org\/index.php\/patrimonio-musical\/","title":{"rendered":"PATRIMONIO MUSICAL"},"content":{"rendered":"\t\t<div data-elementor-type=\"wp-page\" data-elementor-id=\"181\" class=\"elementor elementor-181\" data-elementor-post-type=\"page\">\n\t\t\t\t<div class=\"elementor-element elementor-element-c5ee67f e-flex e-con-boxed e-con e-parent\" data-id=\"c5ee67f\" data-element_type=\"container\" data-e-type=\"container\">\n\t\t\t\t\t<div class=\"e-con-inner\">\n\t\t\t\t<div class=\"elementor-element elementor-element-4b66a3c elementor-widget elementor-widget-text-editor\" data-id=\"4b66a3c\" data-element_type=\"widget\" data-e-type=\"widget\" data-widget_type=\"text-editor.default\">\n\t\t\t\t<div class=\"elementor-widget-container\">\n\t\t\t\t\t\t\t\t\t<p><strong>JOS\u00c9 MARTINEZ PERALTO<\/strong><\/p><p><img decoding=\"async\" class=\"size-full wp-image-183 alignleft\" src=\"https:\/\/miradyved.ihermandad.es\/wp-content\/uploads\/2023\/12\/Jose-Martinez-Peralto.jpg\" alt=\"\" width=\"94\" height=\"122\" \/>Naci\u00f3 en 1898 y fue violinista y compositor. Estudi\u00f3 m\u00fasica con Miguel Mata y ocup\u00f3 plaza de viol\u00edn en la orquesta de c\u00e1mara que fund\u00f3 Falla. Fund\u00f3 el \u00abQuarteto Peralto\u00bb encargado de amenizar entre 1923 \u2013 1932 las sesiones de cine mudo de la sala Llor\u00e9ns. Autor de numerosos pasodobles, canciones y piezas entre las que sobresali\u00f3 \u00abPinocho\u00bb bailada por toda Espa\u00f1a durante los a\u00f1os 60. Estudi\u00f3 viol\u00edn con Miguel Mata y form\u00f3 parte de la Orquesta B\u00e9tica de Sevilla. Adem\u00e1s tambi\u00e9n form\u00f3 un grupo de c\u00e1mara para amenizar fiestas y celebraciones, llegando a actuar para el mism\u00edsimo Rey Alfonso XIII. Falleci\u00f3 en 1974.<\/p><p>La marcha <strong>Virgen de la Soledad<\/strong> est\u00e1 dedicada a la Soledad de Olivares, es una marcha muy airosa y de acentuado car\u00e1cter andaluz.<br \/>Tras un tiempo olvidada (aunque algunos m\u00fasicos antiguos de la Banda de Nuestra Se\u00f1ora de las Nieves, de Olivares, la recuerdan), la recuper\u00f3 la Banda Municipal de Sevilla en un concierto que tuvo lugar en la Iglesia de los Terceros el 13 de Octubre de 2005.<\/p><figure id=\"attachment_184\" aria-describedby=\"caption-attachment-184\" style=\"width: 300px\" class=\"wp-caption aligncenter\"><a href=\"https:\/\/miradyved.ihermandad.es\/wp-content\/uploads\/2023\/12\/Partituras.jpg\"><img decoding=\"async\" class=\"wp-image-184 size-medium\" src=\"https:\/\/miradyved.ihermandad.es\/wp-content\/uploads\/2023\/12\/Partituras-300x105.jpg\" alt=\"\" width=\"300\" height=\"105\" srcset=\"https:\/\/miradyved.org\/wp-content\/uploads\/2023\/12\/Partituras-300x105.jpg 300w, https:\/\/miradyved.org\/wp-content\/uploads\/2023\/12\/Partituras.jpg 567w\" sizes=\"(max-width: 300px) 100vw, 300px\" \/><\/a><figcaption id=\"caption-attachment-184\" class=\"wp-caption-text\">Jos\u00e9 Mart\u00ednez Peralto<\/figcaption><\/figure><p>La Hermandad tambi\u00e9n cuenta con otras 2 marchas procesionales, <strong>Madre de los Dolores en su Soledad<\/strong> de Ismael Jim\u00e9nez G\u00f3mez, del 04-abril-2003 y <span style=\"font-family: 'Helvetica',sans-serif; color: #666666;\"><strong>Mi virgen llora<\/strong>\u00a0<\/span>est\u00e1 compuesta en el a\u00f1o 2004 por nuestro hermano D. Juan M. Cuti\u00f1o. Definida por su autor como una marcha de corte cl\u00e1sico, en su conjunto de sonoridad serena y c\u00e1lida. Esta marcha forma parte del repertorio habitual de la virgen en su estaci\u00f3n de penitencia.<\/p>\t\t\t\t\t\t\t\t<\/div>\n\t\t\t\t<\/div>\n\t\t\t\t\t<\/div>\n\t\t\t\t<\/div>\n\t\t\t\t<\/div>\n\t\t","protected":false},"excerpt":{"rendered":"<p>JOS\u00c9 MARTINEZ PERALTO Naci\u00f3 en 1898 y fue violinista y compositor. Estudi\u00f3 m\u00fasica con Miguel Mata y ocup\u00f3 plaza de viol\u00edn en la orquesta de c\u00e1mara que fund\u00f3 Falla. Fund\u00f3 el \u00abQuarteto Peralto\u00bb encargado de amenizar entre 1923 \u2013 1932 las sesiones de cine mudo de la sala Llor\u00e9ns. Autor de numerosos pasodobles, canciones y [&hellip;]<\/p>\n","protected":false},"author":2,"featured_media":0,"parent":0,"menu_order":0,"comment_status":"closed","ping_status":"closed","template":"","meta":{"footnotes":""},"class_list":["post-181","page","type-page","status-publish","hentry"],"_links":{"self":[{"href":"https:\/\/miradyved.org\/index.php\/wp-json\/wp\/v2\/pages\/181","targetHints":{"allow":["GET"]}}],"collection":[{"href":"https:\/\/miradyved.org\/index.php\/wp-json\/wp\/v2\/pages"}],"about":[{"href":"https:\/\/miradyved.org\/index.php\/wp-json\/wp\/v2\/types\/page"}],"author":[{"embeddable":true,"href":"https:\/\/miradyved.org\/index.php\/wp-json\/wp\/v2\/users\/2"}],"replies":[{"embeddable":true,"href":"https:\/\/miradyved.org\/index.php\/wp-json\/wp\/v2\/comments?post=181"}],"version-history":[{"count":17,"href":"https:\/\/miradyved.org\/index.php\/wp-json\/wp\/v2\/pages\/181\/revisions"}],"predecessor-version":[{"id":724,"href":"https:\/\/miradyved.org\/index.php\/wp-json\/wp\/v2\/pages\/181\/revisions\/724"}],"wp:attachment":[{"href":"https:\/\/miradyved.org\/index.php\/wp-json\/wp\/v2\/media?parent=181"}],"curies":[{"name":"wp","href":"https:\/\/api.w.org\/{rel}","templated":true}]}}