{"id":40,"date":"2023-12-04T14:49:09","date_gmt":"2023-12-04T14:49:09","guid":{"rendered":"https:\/\/miradyved.ihermandad.es\/?page_id=40"},"modified":"2023-12-04T14:59:03","modified_gmt":"2023-12-04T14:59:03","slug":"saluda-del-hermano-mayor","status":"publish","type":"page","link":"https:\/\/miradyved.org\/index.php\/saluda-del-hermano-mayor\/","title":{"rendered":"Saluda del Hermano Mayor"},"content":{"rendered":"\t\t<div data-elementor-type=\"wp-page\" data-elementor-id=\"40\" class=\"elementor elementor-40\" data-elementor-post-type=\"page\">\n\t\t\t\t<div class=\"elementor-element elementor-element-593589b e-flex e-con-boxed e-con e-parent\" data-id=\"593589b\" data-element_type=\"container\" data-e-type=\"container\">\n\t\t\t\t\t<div class=\"e-con-inner\">\n\t\t\t\t<div class=\"elementor-element elementor-element-1f0db1f elementor-widget elementor-widget-spacer\" data-id=\"1f0db1f\" data-element_type=\"widget\" data-e-type=\"widget\" data-widget_type=\"spacer.default\">\n\t\t\t\t<div class=\"elementor-widget-container\">\n\t\t\t\t\t\t\t<div class=\"elementor-spacer\">\n\t\t\t<div class=\"elementor-spacer-inner\"><\/div>\n\t\t<\/div>\n\t\t\t\t\t\t<\/div>\n\t\t\t\t<\/div>\n\t\t\t\t<div class=\"elementor-element elementor-element-55a8759 elementor-widget elementor-widget-text-editor\" data-id=\"55a8759\" data-element_type=\"widget\" data-e-type=\"widget\" data-widget_type=\"text-editor.default\">\n\t\t\t\t<div class=\"elementor-widget-container\">\n\t\t\t\t\t\t\t\t\t<p><strong><img fetchpriority=\"high\" decoding=\"async\" class=\"size-medium wp-image-43 alignleft\" src=\"https:\/\/miradyved.ihermandad.es\/wp-content\/uploads\/2023\/12\/Hermano-Mayor-230x300.webp\" alt=\"\" width=\"230\" height=\"300\" srcset=\"https:\/\/miradyved.org\/wp-content\/uploads\/2023\/12\/Hermano-Mayor-230x300.webp 230w, https:\/\/miradyved.org\/wp-content\/uploads\/2023\/12\/Hermano-Mayor.webp 247w\" sizes=\"(max-width: 230px) 100vw, 230px\" \/><\/strong><\/p><p><strong>Bienvenidos a la p\u00e1gina Web de nuestra querida Hermandad\u00a0<\/strong><\/p><p>La Junta de Gobierno que presido, consciente de la importancia que Internet ha adquirido en nuestra sociedad como espacio de comunicaci\u00f3n y de difusi\u00f3n de la informaci\u00f3n, ha tomado la decisi\u00f3n de abrir esta p\u00e1gina Web.<\/p><p>Nuestro deseo es que cumpla la funci\u00f3n de ser un v\u00ednculo de comunicaci\u00f3n con la Hermandad y un instrumento \u00fatil para disponer de las fuentes necesarias para conocer mejor su historia, su patrimonio, los diferentes \u00e1mbitos en los que se despliega su actividad diaria y los proyectos de futuro en los que est\u00e1 comprometida.<\/p><p>Comenzamos ofreciendo una versi\u00f3n inicial\u00a0que se ir\u00e1 enriqueciendo progresivamente con las aportaciones de nuestros colaboradores y con los fondos del archivo documental de la Hermandad que actualmente se encuentran en proceso de digitalizaci\u00f3n.<\/p><p>Es nuestra intenci\u00f3n mantener una p\u00e1gina viva y constantemente actualizada que sirva como medio de difusi\u00f3n de cuantas noticias vaya generando la Hermandad y que ayude a cuantos la visiten a conocer mejor nuestro presente, pasado y futuro, la fe que profesamos y la devoci\u00f3n a Nuestro Padre Jes\u00fas Nazareno, al Sant\u00edsimo Cristo Yacente y a Nuestra Se\u00f1ora de los Dolores en su Soledad que hemos heredado de nuestros antepasados.<\/p><p style=\"text-align: center;\"><strong>Gabriel Ib\u00e1\u00f1ez Ortiz<\/strong><\/p><p style=\"text-align: center;\">Hermano Mayor<\/p>\t\t\t\t\t\t\t\t<\/div>\n\t\t\t\t<\/div>\n\t\t\t\t\t<\/div>\n\t\t\t\t<\/div>\n\t\t\t\t<\/div>\n\t\t","protected":false},"excerpt":{"rendered":"<p>Bienvenidos a la p\u00e1gina Web de nuestra querida Hermandad\u00a0 La Junta de Gobierno que presido, consciente de la importancia que Internet ha adquirido en nuestra sociedad como espacio de comunicaci\u00f3n y de difusi\u00f3n de la informaci\u00f3n, ha tomado la decisi\u00f3n de abrir esta p\u00e1gina Web. Nuestro deseo es que cumpla la funci\u00f3n de ser un [&hellip;]<\/p>\n","protected":false},"author":2,"featured_media":0,"parent":0,"menu_order":0,"comment_status":"closed","ping_status":"closed","template":"","meta":{"footnotes":""},"class_list":["post-40","page","type-page","status-publish","hentry"],"_links":{"self":[{"href":"https:\/\/miradyved.org\/index.php\/wp-json\/wp\/v2\/pages\/40","targetHints":{"allow":["GET"]}}],"collection":[{"href":"https:\/\/miradyved.org\/index.php\/wp-json\/wp\/v2\/pages"}],"about":[{"href":"https:\/\/miradyved.org\/index.php\/wp-json\/wp\/v2\/types\/page"}],"author":[{"embeddable":true,"href":"https:\/\/miradyved.org\/index.php\/wp-json\/wp\/v2\/users\/2"}],"replies":[{"embeddable":true,"href":"https:\/\/miradyved.org\/index.php\/wp-json\/wp\/v2\/comments?post=40"}],"version-history":[{"count":10,"href":"https:\/\/miradyved.org\/index.php\/wp-json\/wp\/v2\/pages\/40\/revisions"}],"predecessor-version":[{"id":54,"href":"https:\/\/miradyved.org\/index.php\/wp-json\/wp\/v2\/pages\/40\/revisions\/54"}],"wp:attachment":[{"href":"https:\/\/miradyved.org\/index.php\/wp-json\/wp\/v2\/media?parent=40"}],"curies":[{"name":"wp","href":"https:\/\/api.w.org\/{rel}","templated":true}]}}