{"id":640,"date":"2024-02-17T16:32:13","date_gmt":"2024-02-17T16:32:13","guid":{"rendered":"https:\/\/miradyved.ihermandad.es\/?page_id=640"},"modified":"2024-08-28T17:28:21","modified_gmt":"2024-08-28T17:28:21","slug":"iglesia-excolegial-de-santa-maria-de-las-nieves","status":"publish","type":"page","link":"https:\/\/miradyved.org\/index.php\/iglesia-excolegial-de-santa-maria-de-las-nieves\/","title":{"rendered":"IGLESIA EXCOLEGIAL DE SANTA MARIA DE LAS NIEVES"},"content":{"rendered":"\t\t<div data-elementor-type=\"wp-page\" data-elementor-id=\"640\" class=\"elementor elementor-640\" data-elementor-post-type=\"page\">\n\t\t\t\t<div class=\"elementor-element elementor-element-0e0ff3d e-flex e-con-boxed e-con e-parent\" data-id=\"0e0ff3d\" data-element_type=\"container\" data-e-type=\"container\">\n\t\t\t\t\t<div class=\"e-con-inner\">\n\t\t\t\t<div class=\"elementor-element elementor-element-2025299 elementor-widget elementor-widget-image\" data-id=\"2025299\" data-element_type=\"widget\" data-e-type=\"widget\" data-widget_type=\"image.default\">\n\t\t\t\t<div class=\"elementor-widget-container\">\n\t\t\t\t\t\t\t\t\t\t\t\t<figure class=\"wp-caption\">\n\t\t\t\t\t\t\t\t\t\t<img fetchpriority=\"high\" decoding=\"async\" width=\"800\" height=\"528\" src=\"https:\/\/miradyved.org\/wp-content\/uploads\/2024\/08\/Iglesia1-1024x676.jpg\" class=\"attachment-large size-large wp-image-7493\" alt=\"\" srcset=\"https:\/\/miradyved.org\/wp-content\/uploads\/2024\/08\/Iglesia1-1024x676.jpg 1024w, https:\/\/miradyved.org\/wp-content\/uploads\/2024\/08\/Iglesia1-300x198.jpg 300w, https:\/\/miradyved.org\/wp-content\/uploads\/2024\/08\/Iglesia1-768x507.jpg 768w, https:\/\/miradyved.org\/wp-content\/uploads\/2024\/08\/Iglesia1-1536x1014.jpg 1536w, https:\/\/miradyved.org\/wp-content\/uploads\/2024\/08\/Iglesia1-2048x1352.jpg 2048w\" sizes=\"(max-width: 800px) 100vw, 800px\" \/>\t\t\t\t\t\t\t\t\t\t\t<figcaption class=\"widget-image-caption wp-caption-text\"><\/figcaption>\n\t\t\t\t\t\t\t\t\t\t<\/figure>\n\t\t\t\t\t\t\t\t\t<\/div>\n\t\t\t\t<\/div>\n\t\t\t\t<div class=\"elementor-element elementor-element-7cd7143 elementor-widget elementor-widget-text-editor\" data-id=\"7cd7143\" data-element_type=\"widget\" data-e-type=\"widget\" data-widget_type=\"text-editor.default\">\n\t\t\t\t<div class=\"elementor-widget-container\">\n\t\t\t\t\t\t\t\t\t<p>La Colegiata de Santa Mar\u00eda de las Nieves fue encargada por el Conde Duque de Olivares y fundada en 1623 gracias a las Bulas concedidas por el Papa Urbano VIII (aunque luego las perder\u00eda en un pleito con el Arzobispado de Sevilla). Estuvo regida por sus propios estatutos hasta que en el a\u00f1o 1852 dejara de ejercer su t\u00edtulo de Colegiata y conservara tan s\u00f3lo las funciones de Iglesia Colegial.<\/p><p>El proyecto original fue desarrollado por los arquitectos Vermondo Resta y Sebasti\u00e1n de Ruesta, aunque ha sufrido numerosas reformas que han dado lugar, en la actualidad, a una construcci\u00f3n de gran complejidad arquitect\u00f3nica. El edificio es de cruz latina inscrita en un rect\u00e1ngulo. Su exterior consta de tres portadas dinteladas y una torre con dos cuerpos. Dispone de tres naves cubiertas por b\u00f3vedas de medio ca\u00f1\u00f3n y decoradas con yeser\u00edas procedentes del Convento de las Carmelitas de Los Remedios, de Sevilla. Su interior cuenta con varios retablos de distintos estilos y numerosas obras de arte.<\/p><p>El retablo mayor, del siglo XVII, fue realizado por Jos\u00e9 Guisado, Jos\u00e9 Escobar y Mat\u00edas de Brunenque y fue dorado por el artista Miguel Parrilla. \u00c9ste alberga una imagen barroca de la Virgen de las Nieves, Patrona de la Villa, obra de Mar\u00eda Rold\u00e1n \u00abLa Roldana\u00bb, as\u00ed como esculturas de San Nicol\u00e1s de Bari, Santo Domingo, San Pedro y Santiago (todas del XVII) y una peque\u00f1a Inmaculada (siglo XVIII).<\/p><p>Las capillas recogen obras de Roelas y Zurbar\u00e1n, entre otros. Destacan grandes lienzos sobre temas tales como los Desposorios de la Virgen, la Adoraci\u00f3n de los Reyes Magos y el Tr\u00e1nsito de San Jos\u00e9. En la Capilla de la Virgen del \u00c1lamo (siglo XVII) se encuentra una imagen de la antigua patrona de la villa de comienzos del siglo XIV realizada en talleres castellanos.<\/p><p>\u00a0<\/p>\t\t\t\t\t\t\t\t<\/div>\n\t\t\t\t<\/div>\n\t\t\t\t<div class=\"elementor-element elementor-element-c19b9b8 elementor-widget elementor-widget-image\" data-id=\"c19b9b8\" data-element_type=\"widget\" data-e-type=\"widget\" data-widget_type=\"image.default\">\n\t\t\t\t<div class=\"elementor-widget-container\">\n\t\t\t\t\t\t\t\t\t\t\t\t<figure class=\"wp-caption\">\n\t\t\t\t\t\t\t\t\t\t<img decoding=\"async\" width=\"768\" height=\"576\" src=\"https:\/\/miradyved.org\/wp-content\/uploads\/2024\/08\/Iglesia2-768x576.jpg\" class=\"attachment-medium_large size-medium_large wp-image-7494\" alt=\"\" srcset=\"https:\/\/miradyved.org\/wp-content\/uploads\/2024\/08\/Iglesia2-768x576.jpg 768w, https:\/\/miradyved.org\/wp-content\/uploads\/2024\/08\/Iglesia2-300x225.jpg 300w, https:\/\/miradyved.org\/wp-content\/uploads\/2024\/08\/Iglesia2-1024x768.jpg 1024w, https:\/\/miradyved.org\/wp-content\/uploads\/2024\/08\/Iglesia2-1536x1152.jpg 1536w, https:\/\/miradyved.org\/wp-content\/uploads\/2024\/08\/Iglesia2.jpg 1600w\" sizes=\"(max-width: 768px) 100vw, 768px\" \/>\t\t\t\t\t\t\t\t\t\t\t<figcaption class=\"widget-image-caption wp-caption-text\"><\/figcaption>\n\t\t\t\t\t\t\t\t\t\t<\/figure>\n\t\t\t\t\t\t\t\t\t<\/div>\n\t\t\t\t<\/div>\n\t\t\t\t<div class=\"elementor-element elementor-element-14baf9e elementor-widget elementor-widget-text-editor\" data-id=\"14baf9e\" data-element_type=\"widget\" data-e-type=\"widget\" data-widget_type=\"text-editor.default\">\n\t\t\t\t<div class=\"elementor-widget-container\">\n\t\t\t\t\t\t\t\t\t<p>\u00a0<\/p><p>En la Capilla del Sagrario (siglo XVIII) hay tallas de San Jos\u00e9 y el Ni\u00f1o, ambas del c\u00edrculo de Rold\u00e1n. Al fondo de la nave principal est\u00e1 el coro, tallado sobre nogal por Bernardo de Cabrera. Tiene doble siller\u00eda y est\u00e1 adornado por motivos geom\u00e9tricos del siglo XVII, salvo la silla del abad, ornamentada con relieves del Nacimiento, de Gaspar Gin\u00e9s. El trascoro (siglo XVIII) recoge obras procedentes de la desaparecida iglesia de Heliche, entre las que se encuentra una pintura de la Virgen de las Carboneras del siglo XVII.<\/p><p>\u00a0<\/p>\t\t\t\t\t\t\t\t<\/div>\n\t\t\t\t<\/div>\n\t\t\t\t\t<\/div>\n\t\t\t\t<\/div>\n\t\t\t\t<\/div>\n\t\t","protected":false},"excerpt":{"rendered":"<p>La Colegiata de Santa Mar\u00eda de las Nieves fue encargada por el Conde Duque de Olivares y fundada en 1623 gracias a las Bulas concedidas por el Papa Urbano VIII (aunque luego las perder\u00eda en un pleito con el Arzobispado de Sevilla). Estuvo regida por sus propios estatutos hasta que en el a\u00f1o 1852 dejara [&hellip;]<\/p>\n","protected":false},"author":2,"featured_media":0,"parent":0,"menu_order":0,"comment_status":"closed","ping_status":"closed","template":"","meta":{"footnotes":""},"class_list":["post-640","page","type-page","status-publish","hentry"],"_links":{"self":[{"href":"https:\/\/miradyved.org\/index.php\/wp-json\/wp\/v2\/pages\/640","targetHints":{"allow":["GET"]}}],"collection":[{"href":"https:\/\/miradyved.org\/index.php\/wp-json\/wp\/v2\/pages"}],"about":[{"href":"https:\/\/miradyved.org\/index.php\/wp-json\/wp\/v2\/types\/page"}],"author":[{"embeddable":true,"href":"https:\/\/miradyved.org\/index.php\/wp-json\/wp\/v2\/users\/2"}],"replies":[{"embeddable":true,"href":"https:\/\/miradyved.org\/index.php\/wp-json\/wp\/v2\/comments?post=640"}],"version-history":[{"count":7,"href":"https:\/\/miradyved.org\/index.php\/wp-json\/wp\/v2\/pages\/640\/revisions"}],"predecessor-version":[{"id":7497,"href":"https:\/\/miradyved.org\/index.php\/wp-json\/wp\/v2\/pages\/640\/revisions\/7497"}],"wp:attachment":[{"href":"https:\/\/miradyved.org\/index.php\/wp-json\/wp\/v2\/media?parent=640"}],"curies":[{"name":"wp","href":"https:\/\/api.w.org\/{rel}","templated":true}]}}