{"id":6588,"date":"2024-08-17T15:10:31","date_gmt":"2024-08-17T15:10:31","guid":{"rendered":"https:\/\/miradyved.ihermandad.es\/?page_id=6588"},"modified":"2024-08-17T15:18:57","modified_gmt":"2024-08-17T15:18:57","slug":"xviii-pregon-de-semana-santa-2014","status":"publish","type":"page","link":"https:\/\/miradyved.org\/index.php\/xviii-pregon-de-semana-santa-2014\/","title":{"rendered":"XVIII Preg\u00f3n de Semana Santa 2014"},"content":{"rendered":"\t\t<div data-elementor-type=\"wp-page\" data-elementor-id=\"6588\" class=\"elementor elementor-6588\" data-elementor-post-type=\"page\">\n\t\t\t\t<div class=\"elementor-element elementor-element-f0cc0fb e-flex e-con-boxed e-con e-parent\" data-id=\"f0cc0fb\" data-element_type=\"container\" data-e-type=\"container\">\n\t\t\t\t\t<div class=\"e-con-inner\">\n\t\t\t\t<div class=\"elementor-element elementor-element-34649e5 elementor-widget elementor-widget-text-editor\" data-id=\"34649e5\" data-element_type=\"widget\" data-e-type=\"widget\" data-widget_type=\"text-editor.default\">\n\t\t\t\t<div class=\"elementor-widget-container\">\n\t\t\t\t\t\t\t\t\t<p>En esta ocasi\u00f3n estuvo a cargo de D. Miguel Garc\u00eda Franco, Cofrade de Benacaz\u00f3n.<br \/>El Pregonero fue presentado por su hijo D. Rafael Garc\u00eda Morales.<\/p>\t\t\t\t\t\t\t\t<\/div>\n\t\t\t\t<\/div>\n\t\t\t\t<div class=\"elementor-element elementor-element-4f20c5f elementor-widget elementor-widget-gallery\" data-id=\"4f20c5f\" data-element_type=\"widget\" data-e-type=\"widget\" data-settings=\"{&quot;lazyload&quot;:&quot;yes&quot;,&quot;gallery_layout&quot;:&quot;grid&quot;,&quot;columns&quot;:4,&quot;columns_tablet&quot;:2,&quot;columns_mobile&quot;:1,&quot;gap&quot;:{&quot;unit&quot;:&quot;px&quot;,&quot;size&quot;:10,&quot;sizes&quot;:[]},&quot;gap_tablet&quot;:{&quot;unit&quot;:&quot;px&quot;,&quot;size&quot;:10,&quot;sizes&quot;:[]},&quot;gap_mobile&quot;:{&quot;unit&quot;:&quot;px&quot;,&quot;size&quot;:10,&quot;sizes&quot;:[]},&quot;link_to&quot;:&quot;file&quot;,&quot;aspect_ratio&quot;:&quot;3:2&quot;,&quot;overlay_background&quot;:&quot;yes&quot;,&quot;content_hover_animation&quot;:&quot;fade-in&quot;}\" data-widget_type=\"gallery.default\">\n\t\t\t\t<div class=\"elementor-widget-container\">\n\t\t\t\t\t\t\t<div class=\"elementor-gallery__container\">\n\t\t\t\t\t\t\t<a class=\"e-gallery-item elementor-gallery-item elementor-animated-content\" href=\"https:\/\/miradyved.org\/wp-content\/uploads\/2024\/08\/pregon2014-01.webp\" data-elementor-open-lightbox=\"yes\" data-elementor-lightbox-slideshow=\"4f20c5f\" data-elementor-lightbox-title=\"pregon2014-01\" data-e-action-hash=\"#elementor-action%3Aaction%3Dlightbox%26settings%3DeyJpZCI6NjU5MCwidXJsIjoiaHR0cHM6XC9cL21pcmFkeXZlZC5vcmdcL3dwLWNvbnRlbnRcL3VwbG9hZHNcLzIwMjRcLzA4XC9wcmVnb24yMDE0LTAxLndlYnAiLCJzbGlkZXNob3ciOiI0ZjIwYzVmIn0%3D\">\n\t\t\t\t\t<div class=\"e-gallery-image elementor-gallery-item__image\" data-thumbnail=\"https:\/\/miradyved.org\/wp-content\/uploads\/2024\/08\/pregon2014-01-300x200.webp\" data-width=\"300\" data-height=\"200\" aria-label=\"\" role=\"img\" ><\/div>\n\t\t\t\t\t\t\t\t\t\t\t<div class=\"elementor-gallery-item__overlay\"><\/div>\n\t\t\t\t\t\t\t\t\t\t\t\t\t\t<\/a>\n\t\t\t\t\t\t\t<a class=\"e-gallery-item elementor-gallery-item elementor-animated-content\" href=\"https:\/\/miradyved.org\/wp-content\/uploads\/2024\/08\/pregon2014-02.webp\" data-elementor-open-lightbox=\"yes\" data-elementor-lightbox-slideshow=\"4f20c5f\" data-elementor-lightbox-title=\"pregon2014-02\" data-e-action-hash=\"#elementor-action%3Aaction%3Dlightbox%26settings%3DeyJpZCI6NjU5MSwidXJsIjoiaHR0cHM6XC9cL21pcmFkeXZlZC5vcmdcL3dwLWNvbnRlbnRcL3VwbG9hZHNcLzIwMjRcLzA4XC9wcmVnb24yMDE0LTAyLndlYnAiLCJzbGlkZXNob3ciOiI0ZjIwYzVmIn0%3D\">\n\t\t\t\t\t<div class=\"e-gallery-image elementor-gallery-item__image\" data-thumbnail=\"https:\/\/miradyved.org\/wp-content\/uploads\/2024\/08\/pregon2014-02-300x200.webp\" data-width=\"300\" data-height=\"200\" aria-label=\"\" role=\"img\" ><\/div>\n\t\t\t\t\t\t\t\t\t\t\t<div class=\"elementor-gallery-item__overlay\"><\/div>\n\t\t\t\t\t\t\t\t\t\t\t\t\t\t<\/a>\n\t\t\t\t\t\t\t<a class=\"e-gallery-item elementor-gallery-item elementor-animated-content\" href=\"https:\/\/miradyved.org\/wp-content\/uploads\/2024\/08\/pregon2014-03.webp\" data-elementor-open-lightbox=\"yes\" data-elementor-lightbox-slideshow=\"4f20c5f\" data-elementor-lightbox-title=\"pregon2014-03\" data-e-action-hash=\"#elementor-action%3Aaction%3Dlightbox%26settings%3DeyJpZCI6NjU5MywidXJsIjoiaHR0cHM6XC9cL21pcmFkeXZlZC5vcmdcL3dwLWNvbnRlbnRcL3VwbG9hZHNcLzIwMjRcLzA4XC9wcmVnb24yMDE0LTAzLndlYnAiLCJzbGlkZXNob3ciOiI0ZjIwYzVmIn0%3D\">\n\t\t\t\t\t<div class=\"e-gallery-image elementor-gallery-item__image\" data-thumbnail=\"https:\/\/miradyved.org\/wp-content\/uploads\/2024\/08\/pregon2014-03-300x200.webp\" data-width=\"300\" data-height=\"200\" aria-label=\"\" role=\"img\" ><\/div>\n\t\t\t\t\t\t\t\t\t\t\t<div class=\"elementor-gallery-item__overlay\"><\/div>\n\t\t\t\t\t\t\t\t\t\t\t\t\t\t<\/a>\n\t\t\t\t\t\t\t<a class=\"e-gallery-item elementor-gallery-item elementor-animated-content\" href=\"https:\/\/miradyved.org\/wp-content\/uploads\/2024\/08\/pregon2014-04.webp\" data-elementor-open-lightbox=\"yes\" data-elementor-lightbox-slideshow=\"4f20c5f\" data-elementor-lightbox-title=\"pregon2014-04\" data-e-action-hash=\"#elementor-action%3Aaction%3Dlightbox%26settings%3DeyJpZCI6NjU5NCwidXJsIjoiaHR0cHM6XC9cL21pcmFkeXZlZC5vcmdcL3dwLWNvbnRlbnRcL3VwbG9hZHNcLzIwMjRcLzA4XC9wcmVnb24yMDE0LTA0LndlYnAiLCJzbGlkZXNob3ciOiI0ZjIwYzVmIn0%3D\">\n\t\t\t\t\t<div class=\"e-gallery-image elementor-gallery-item__image\" data-thumbnail=\"https:\/\/miradyved.org\/wp-content\/uploads\/2024\/08\/pregon2014-04-300x200.webp\" data-width=\"300\" data-height=\"200\" aria-label=\"\" role=\"img\" ><\/div>\n\t\t\t\t\t\t\t\t\t\t\t<div class=\"elementor-gallery-item__overlay\"><\/div>\n\t\t\t\t\t\t\t\t\t\t\t\t\t\t<\/a>\n\t\t\t\t\t\t\t<a class=\"e-gallery-item elementor-gallery-item elementor-animated-content\" href=\"https:\/\/miradyved.org\/wp-content\/uploads\/2024\/08\/pregon2014-05.webp\" data-elementor-open-lightbox=\"yes\" data-elementor-lightbox-slideshow=\"4f20c5f\" data-elementor-lightbox-title=\"pregon2014-05\" data-e-action-hash=\"#elementor-action%3Aaction%3Dlightbox%26settings%3DeyJpZCI6NjU5NSwidXJsIjoiaHR0cHM6XC9cL21pcmFkeXZlZC5vcmdcL3dwLWNvbnRlbnRcL3VwbG9hZHNcLzIwMjRcLzA4XC9wcmVnb24yMDE0LTA1LndlYnAiLCJzbGlkZXNob3ciOiI0ZjIwYzVmIn0%3D\">\n\t\t\t\t\t<div class=\"e-gallery-image elementor-gallery-item__image\" data-thumbnail=\"https:\/\/miradyved.org\/wp-content\/uploads\/2024\/08\/pregon2014-05-300x200.webp\" data-width=\"300\" data-height=\"200\" aria-label=\"\" role=\"img\" ><\/div>\n\t\t\t\t\t\t\t\t\t\t\t<div class=\"elementor-gallery-item__overlay\"><\/div>\n\t\t\t\t\t\t\t\t\t\t\t\t\t\t<\/a>\n\t\t\t\t\t\t\t<a class=\"e-gallery-item elementor-gallery-item elementor-animated-content\" href=\"https:\/\/miradyved.org\/wp-content\/uploads\/2024\/08\/pregon2014-06.webp\" data-elementor-open-lightbox=\"yes\" data-elementor-lightbox-slideshow=\"4f20c5f\" data-elementor-lightbox-title=\"pregon2014-06\" data-e-action-hash=\"#elementor-action%3Aaction%3Dlightbox%26settings%3DeyJpZCI6NjU5NiwidXJsIjoiaHR0cHM6XC9cL21pcmFkeXZlZC5vcmdcL3dwLWNvbnRlbnRcL3VwbG9hZHNcLzIwMjRcLzA4XC9wcmVnb24yMDE0LTA2LndlYnAiLCJzbGlkZXNob3ciOiI0ZjIwYzVmIn0%3D\">\n\t\t\t\t\t<div class=\"e-gallery-image elementor-gallery-item__image\" data-thumbnail=\"https:\/\/miradyved.org\/wp-content\/uploads\/2024\/08\/pregon2014-06-300x200.webp\" data-width=\"300\" data-height=\"200\" aria-label=\"\" role=\"img\" ><\/div>\n\t\t\t\t\t\t\t\t\t\t\t<div class=\"elementor-gallery-item__overlay\"><\/div>\n\t\t\t\t\t\t\t\t\t\t\t\t\t\t<\/a>\n\t\t\t\t\t\t\t<a class=\"e-gallery-item elementor-gallery-item elementor-animated-content\" href=\"https:\/\/miradyved.org\/wp-content\/uploads\/2024\/08\/pregon2014-07.webp\" data-elementor-open-lightbox=\"yes\" data-elementor-lightbox-slideshow=\"4f20c5f\" data-elementor-lightbox-title=\"pregon2014-07\" data-e-action-hash=\"#elementor-action%3Aaction%3Dlightbox%26settings%3DeyJpZCI6NjU5NywidXJsIjoiaHR0cHM6XC9cL21pcmFkeXZlZC5vcmdcL3dwLWNvbnRlbnRcL3VwbG9hZHNcLzIwMjRcLzA4XC9wcmVnb24yMDE0LTA3LndlYnAiLCJzbGlkZXNob3ciOiI0ZjIwYzVmIn0%3D\">\n\t\t\t\t\t<div class=\"e-gallery-image elementor-gallery-item__image\" data-thumbnail=\"https:\/\/miradyved.org\/wp-content\/uploads\/2024\/08\/pregon2014-07-300x200.webp\" data-width=\"300\" data-height=\"200\" aria-label=\"\" role=\"img\" ><\/div>\n\t\t\t\t\t\t\t\t\t\t\t<div class=\"elementor-gallery-item__overlay\"><\/div>\n\t\t\t\t\t\t\t\t\t\t\t\t\t\t<\/a>\n\t\t\t\t\t\t\t<a class=\"e-gallery-item elementor-gallery-item elementor-animated-content\" href=\"https:\/\/miradyved.org\/wp-content\/uploads\/2024\/08\/pregon2014-08.webp\" data-elementor-open-lightbox=\"yes\" data-elementor-lightbox-slideshow=\"4f20c5f\" data-elementor-lightbox-title=\"pregon2014-08\" data-e-action-hash=\"#elementor-action%3Aaction%3Dlightbox%26settings%3DeyJpZCI6NjU5OCwidXJsIjoiaHR0cHM6XC9cL21pcmFkeXZlZC5vcmdcL3dwLWNvbnRlbnRcL3VwbG9hZHNcLzIwMjRcLzA4XC9wcmVnb24yMDE0LTA4LndlYnAiLCJzbGlkZXNob3ciOiI0ZjIwYzVmIn0%3D\">\n\t\t\t\t\t<div class=\"e-gallery-image elementor-gallery-item__image\" data-thumbnail=\"https:\/\/miradyved.org\/wp-content\/uploads\/2024\/08\/pregon2014-08-300x200.webp\" data-width=\"300\" data-height=\"200\" aria-label=\"\" role=\"img\" ><\/div>\n\t\t\t\t\t\t\t\t\t\t\t<div class=\"elementor-gallery-item__overlay\"><\/div>\n\t\t\t\t\t\t\t\t\t\t\t\t\t\t<\/a>\n\t\t\t\t\t\t\t<a class=\"e-gallery-item elementor-gallery-item elementor-animated-content\" href=\"https:\/\/miradyved.org\/wp-content\/uploads\/2024\/08\/pregon2014-09.webp\" data-elementor-open-lightbox=\"yes\" data-elementor-lightbox-slideshow=\"4f20c5f\" data-elementor-lightbox-title=\"pregon2014-09\" data-e-action-hash=\"#elementor-action%3Aaction%3Dlightbox%26settings%3DeyJpZCI6NjU5OSwidXJsIjoiaHR0cHM6XC9cL21pcmFkeXZlZC5vcmdcL3dwLWNvbnRlbnRcL3VwbG9hZHNcLzIwMjRcLzA4XC9wcmVnb24yMDE0LTA5LndlYnAiLCJzbGlkZXNob3ciOiI0ZjIwYzVmIn0%3D\">\n\t\t\t\t\t<div class=\"e-gallery-image elementor-gallery-item__image\" data-thumbnail=\"https:\/\/miradyved.org\/wp-content\/uploads\/2024\/08\/pregon2014-09-300x200.webp\" data-width=\"300\" data-height=\"200\" aria-label=\"\" role=\"img\" ><\/div>\n\t\t\t\t\t\t\t\t\t\t\t<div class=\"elementor-gallery-item__overlay\"><\/div>\n\t\t\t\t\t\t\t\t\t\t\t\t\t\t<\/a>\n\t\t\t\t\t\t\t<a class=\"e-gallery-item elementor-gallery-item elementor-animated-content\" href=\"https:\/\/miradyved.org\/wp-content\/uploads\/2024\/08\/pregon2014-10.webp\" data-elementor-open-lightbox=\"yes\" data-elementor-lightbox-slideshow=\"4f20c5f\" data-elementor-lightbox-title=\"pregon2014-10\" data-e-action-hash=\"#elementor-action%3Aaction%3Dlightbox%26settings%3DeyJpZCI6NjYwMCwidXJsIjoiaHR0cHM6XC9cL21pcmFkeXZlZC5vcmdcL3dwLWNvbnRlbnRcL3VwbG9hZHNcLzIwMjRcLzA4XC9wcmVnb24yMDE0LTEwLndlYnAiLCJzbGlkZXNob3ciOiI0ZjIwYzVmIn0%3D\">\n\t\t\t\t\t<div class=\"e-gallery-image elementor-gallery-item__image\" data-thumbnail=\"https:\/\/miradyved.org\/wp-content\/uploads\/2024\/08\/pregon2014-10-300x200.webp\" data-width=\"300\" data-height=\"200\" aria-label=\"\" role=\"img\" ><\/div>\n\t\t\t\t\t\t\t\t\t\t\t<div class=\"elementor-gallery-item__overlay\"><\/div>\n\t\t\t\t\t\t\t\t\t\t\t\t\t\t<\/a>\n\t\t\t\t\t\t\t<a class=\"e-gallery-item elementor-gallery-item elementor-animated-content\" href=\"https:\/\/miradyved.org\/wp-content\/uploads\/2024\/08\/pregon2014-11.webp\" data-elementor-open-lightbox=\"yes\" data-elementor-lightbox-slideshow=\"4f20c5f\" data-elementor-lightbox-title=\"pregon2014-11\" data-e-action-hash=\"#elementor-action%3Aaction%3Dlightbox%26settings%3DeyJpZCI6NjYwMSwidXJsIjoiaHR0cHM6XC9cL21pcmFkeXZlZC5vcmdcL3dwLWNvbnRlbnRcL3VwbG9hZHNcLzIwMjRcLzA4XC9wcmVnb24yMDE0LTExLndlYnAiLCJzbGlkZXNob3ciOiI0ZjIwYzVmIn0%3D\">\n\t\t\t\t\t<div class=\"e-gallery-image elementor-gallery-item__image\" data-thumbnail=\"https:\/\/miradyved.org\/wp-content\/uploads\/2024\/08\/pregon2014-11-300x200.webp\" data-width=\"300\" data-height=\"200\" aria-label=\"\" role=\"img\" ><\/div>\n\t\t\t\t\t\t\t\t\t\t\t<div class=\"elementor-gallery-item__overlay\"><\/div>\n\t\t\t\t\t\t\t\t\t\t\t\t\t\t<\/a>\n\t\t\t\t\t\t\t<a class=\"e-gallery-item elementor-gallery-item elementor-animated-content\" href=\"https:\/\/miradyved.org\/wp-content\/uploads\/2024\/08\/pregon2014-12.webp\" data-elementor-open-lightbox=\"yes\" data-elementor-lightbox-slideshow=\"4f20c5f\" data-elementor-lightbox-title=\"pregon2014-12\" data-e-action-hash=\"#elementor-action%3Aaction%3Dlightbox%26settings%3DeyJpZCI6NjYwMiwidXJsIjoiaHR0cHM6XC9cL21pcmFkeXZlZC5vcmdcL3dwLWNvbnRlbnRcL3VwbG9hZHNcLzIwMjRcLzA4XC9wcmVnb24yMDE0LTEyLndlYnAiLCJzbGlkZXNob3ciOiI0ZjIwYzVmIn0%3D\">\n\t\t\t\t\t<div class=\"e-gallery-image elementor-gallery-item__image\" data-thumbnail=\"https:\/\/miradyved.org\/wp-content\/uploads\/2024\/08\/pregon2014-12-300x200.webp\" data-width=\"300\" data-height=\"200\" aria-label=\"\" role=\"img\" ><\/div>\n\t\t\t\t\t\t\t\t\t\t\t<div class=\"elementor-gallery-item__overlay\"><\/div>\n\t\t\t\t\t\t\t\t\t\t\t\t\t\t<\/a>\n\t\t\t\t\t\t\t<a class=\"e-gallery-item elementor-gallery-item elementor-animated-content\" href=\"https:\/\/miradyved.org\/wp-content\/uploads\/2024\/08\/pregon2014-13.webp\" data-elementor-open-lightbox=\"yes\" data-elementor-lightbox-slideshow=\"4f20c5f\" data-elementor-lightbox-title=\"pregon2014-13\" data-e-action-hash=\"#elementor-action%3Aaction%3Dlightbox%26settings%3DeyJpZCI6NjYwMywidXJsIjoiaHR0cHM6XC9cL21pcmFkeXZlZC5vcmdcL3dwLWNvbnRlbnRcL3VwbG9hZHNcLzIwMjRcLzA4XC9wcmVnb24yMDE0LTEzLndlYnAiLCJzbGlkZXNob3ciOiI0ZjIwYzVmIn0%3D\">\n\t\t\t\t\t<div class=\"e-gallery-image elementor-gallery-item__image\" data-thumbnail=\"https:\/\/miradyved.org\/wp-content\/uploads\/2024\/08\/pregon2014-13-300x200.webp\" data-width=\"300\" data-height=\"200\" aria-label=\"\" role=\"img\" ><\/div>\n\t\t\t\t\t\t\t\t\t\t\t<div class=\"elementor-gallery-item__overlay\"><\/div>\n\t\t\t\t\t\t\t\t\t\t\t\t\t\t<\/a>\n\t\t\t\t\t\t\t<a class=\"e-gallery-item elementor-gallery-item elementor-animated-content\" href=\"https:\/\/miradyved.org\/wp-content\/uploads\/2024\/08\/pregon2014-14.webp\" data-elementor-open-lightbox=\"yes\" data-elementor-lightbox-slideshow=\"4f20c5f\" data-elementor-lightbox-title=\"pregon2014-14\" data-e-action-hash=\"#elementor-action%3Aaction%3Dlightbox%26settings%3DeyJpZCI6NjYwNCwidXJsIjoiaHR0cHM6XC9cL21pcmFkeXZlZC5vcmdcL3dwLWNvbnRlbnRcL3VwbG9hZHNcLzIwMjRcLzA4XC9wcmVnb24yMDE0LTE0LndlYnAiLCJzbGlkZXNob3ciOiI0ZjIwYzVmIn0%3D\">\n\t\t\t\t\t<div class=\"e-gallery-image elementor-gallery-item__image\" data-thumbnail=\"https:\/\/miradyved.org\/wp-content\/uploads\/2024\/08\/pregon2014-14-300x200.webp\" data-width=\"300\" data-height=\"200\" aria-label=\"\" role=\"img\" ><\/div>\n\t\t\t\t\t\t\t\t\t\t\t<div class=\"elementor-gallery-item__overlay\"><\/div>\n\t\t\t\t\t\t\t\t\t\t\t\t\t\t<\/a>\n\t\t\t\t\t<\/div>\n\t\t\t\t\t<\/div>\n\t\t\t\t<\/div>\n\t\t\t\t\t<\/div>\n\t\t\t\t<\/div>\n\t\t\t\t<\/div>\n\t\t","protected":false},"excerpt":{"rendered":"<p>En esta ocasi\u00f3n estuvo a cargo de D. Miguel Garc\u00eda Franco, Cofrade de Benacaz\u00f3n.El Pregonero fue presentado por su hijo D. Rafael Garc\u00eda Morales.<\/p>\n","protected":false},"author":2,"featured_media":0,"parent":0,"menu_order":0,"comment_status":"closed","ping_status":"closed","template":"","meta":{"footnotes":""},"class_list":["post-6588","page","type-page","status-publish","hentry"],"_links":{"self":[{"href":"https:\/\/miradyved.org\/index.php\/wp-json\/wp\/v2\/pages\/6588","targetHints":{"allow":["GET"]}}],"collection":[{"href":"https:\/\/miradyved.org\/index.php\/wp-json\/wp\/v2\/pages"}],"about":[{"href":"https:\/\/miradyved.org\/index.php\/wp-json\/wp\/v2\/types\/page"}],"author":[{"embeddable":true,"href":"https:\/\/miradyved.org\/index.php\/wp-json\/wp\/v2\/users\/2"}],"replies":[{"embeddable":true,"href":"https:\/\/miradyved.org\/index.php\/wp-json\/wp\/v2\/comments?post=6588"}],"version-history":[{"count":7,"href":"https:\/\/miradyved.org\/index.php\/wp-json\/wp\/v2\/pages\/6588\/revisions"}],"predecessor-version":[{"id":6610,"href":"https:\/\/miradyved.org\/index.php\/wp-json\/wp\/v2\/pages\/6588\/revisions\/6610"}],"wp:attachment":[{"href":"https:\/\/miradyved.org\/index.php\/wp-json\/wp\/v2\/media?parent=6588"}],"curies":[{"name":"wp","href":"https:\/\/api.w.org\/{rel}","templated":true}]}}