{"id":660,"date":"2024-02-17T16:57:18","date_gmt":"2024-02-17T16:57:18","guid":{"rendered":"https:\/\/miradyved.ihermandad.es\/?page_id=660"},"modified":"2024-02-19T14:10:36","modified_gmt":"2024-02-19T14:10:36","slug":"sala-de-exposicion","status":"publish","type":"page","link":"https:\/\/miradyved.org\/index.php\/sala-de-exposicion\/","title":{"rendered":"SALA DE EXPOSICI\u00d3N"},"content":{"rendered":"\t\t<div data-elementor-type=\"wp-page\" data-elementor-id=\"660\" class=\"elementor elementor-660\" data-elementor-post-type=\"page\">\n\t\t\t\t<div class=\"elementor-element elementor-element-03fda86 e-flex e-con-boxed e-con e-parent\" data-id=\"03fda86\" data-element_type=\"container\" data-e-type=\"container\">\n\t\t\t\t\t<div class=\"e-con-inner\">\n\t\t\t\t<div class=\"elementor-element elementor-element-296e93e elementor-widget elementor-widget-text-editor\" data-id=\"296e93e\" data-element_type=\"widget\" data-e-type=\"widget\" data-widget_type=\"text-editor.default\">\n\t\t\t\t<div class=\"elementor-widget-container\">\n\t\t\t\t\t\t\t\t\t<p>En la planta alta de la casa-Hermandad se encuentra la sala de exposici\u00f3n de enseres y objetos de culto. Inaugurada en 1978, fue ampliada y reformada en profundidad entre 1995 y 1996, dot\u00e1ndola de nuevas vitrinas de madera, revestimiento de paredes, soler\u00eda e iluminaci\u00f3n. En 2012, se han incorporado dos nuevas vitrinas y se han redistribuido los enseres siguiendo un criterio de relaci\u00f3n con las Im\u00e1genes Titulares. Todo est\u00e1 distribuido en torno a dos grandes vitrinas centrales que dividen en dos la propia sala. A un lado se agrupan los enseres del Nazareno y del Cristo Yacente; al otro lado, los de la Virgen, que por las caracter\u00edsticas especiales del paso, son m\u00e1s numerosos y ocupan la mayor parte del espacio expositivo.<\/p><p><img fetchpriority=\"high\" decoding=\"async\" class=\"size-medium wp-image-663 aligncenter\" src=\"https:\/\/miradyved.ihermandad.es\/wp-content\/uploads\/2024\/02\/Imagen20-1-300x199.jpg\" alt=\"\" width=\"300\" height=\"199\" srcset=\"https:\/\/miradyved.org\/wp-content\/uploads\/2024\/02\/Imagen20-1-300x199.jpg 300w, https:\/\/miradyved.org\/wp-content\/uploads\/2024\/02\/Imagen20-1.jpg 567w\" sizes=\"(max-width: 300px) 100vw, 300px\" \/><\/p><p><img decoding=\"async\" class=\"size-medium wp-image-664 alignleft\" src=\"https:\/\/miradyved.ihermandad.es\/wp-content\/uploads\/2024\/02\/Imagen21-1-300x199.jpg\" alt=\"\" width=\"300\" height=\"199\" srcset=\"https:\/\/miradyved.org\/wp-content\/uploads\/2024\/02\/Imagen21-1-300x199.jpg 300w, https:\/\/miradyved.org\/wp-content\/uploads\/2024\/02\/Imagen21-1.jpg 567w\" sizes=\"(max-width: 300px) 100vw, 300px\" \/>En una de las grandes vitrinas centrales est\u00e1 el manto procesional de la Stma. Virgen, obra de Sobrinos de Esperanza Elena Caro (a\u00f1o 1993); lo flanquean dos grandes faroles de entrevaral, obra de Jos\u00e9 Jim\u00e9nez de 1972. Junto a ellos encontramos, a un lado, la saya procesional de la Stma. Virgen, obra tambi\u00e9n de Caro, que utiliz\u00f3 la parte central de los bordados del manto anterior para su confecci\u00f3n en 1994, y al otro una saya de camar\u00edn de color morado, bordada en \u00c9cija en el taller de Jes\u00fas Rosado en 2003, donada por nuestro Hermano Mayor Honorario, D. Pedro Delgado Seijo. Esta saya reproduce una anterior, de principios del siglo XIX. En la parte superior, se exponen las bocinas del paso de Jes\u00fas Nazareno, obra de Jim\u00e9nez; los pa\u00f1os est\u00e1n bordados por Caro en 1998-2000 con el anagrama de Jes\u00fas Nazareno (JHS -Iesus Hominis Salvator-: Jes\u00fas Salvador del Hombre) en el centro.<\/p><p><img decoding=\"async\" class=\"size-medium wp-image-665 alignright\" src=\"https:\/\/miradyved.ihermandad.es\/wp-content\/uploads\/2024\/02\/Imagen22-1-300x199.jpg\" alt=\"\" width=\"300\" height=\"199\" srcset=\"https:\/\/miradyved.org\/wp-content\/uploads\/2024\/02\/Imagen22-1-300x199.jpg 300w, https:\/\/miradyved.org\/wp-content\/uploads\/2024\/02\/Imagen22-1.jpg 567w\" sizes=\"(max-width: 300px) 100vw, 300px\" \/>En la otra gran vitrina est\u00e1n los varales del palio, obra de Jos\u00e9 Jim\u00e9nez entre 1964 y 1966, siguiendo un dise\u00f1o original de Cayetano Gonz\u00e1lez. En el centro se disponen las siguientes insignias: la bandera concepcionista, bordada por Guillermo Carrasquilla en 1949 , con asta labrada por Manuel Seco; el SENATUS, bordado sobre tis\u00fa color malva y que proced\u00eda de la Hermandad de los Estudiantes de Sevilla; el bander\u00edn del III Centenario, bordado y donado por N.H. D. Juli\u00e1n Torres; el bander\u00edn de la Juventud, bordado en oro por Esperanza Elena Caro en 1985 y el bander\u00edn de la medalla de oro de la villa, conmemorativo de la concesi\u00f3n a la Hermandad de dicha distinci\u00f3n en 2001, bordado tambi\u00e9n por Caro y que se estren\u00f3 el 22 de septiembre de dicho a\u00f1o cuando la Duquesa de Alba impuso la medalla sobre el pecho de la Stma. Virgen de los Dolores. En la parte delantera va bordado en oro y sedas el escudo de la villa de Olivares, y el rev\u00e9s es la bandera de Olivares, amarilla y azul, bordada en sedas por el taller de Feliciano Foronda; esta bandera se iz\u00f3 por primera vez con motivo de esta celebraci\u00f3n. En el centro, el estandarte corporativo, con escudo bordado por Carrasquilla en 1946 y pasado por Caro en 1985. Delante de las insignias y los varales se disponen cuatro faroles de entrevaral y seis jarras, obra de Jos\u00e9 Jim\u00e9nez de 1970 a 1974.<\/p><p><img loading=\"lazy\" decoding=\"async\" class=\"size-medium wp-image-667 alignleft\" src=\"https:\/\/miradyved.ihermandad.es\/wp-content\/uploads\/2024\/02\/Imagen24-1-300x199.jpg\" alt=\"\" width=\"300\" height=\"199\" srcset=\"https:\/\/miradyved.org\/wp-content\/uploads\/2024\/02\/Imagen24-1-300x199.jpg 300w, https:\/\/miradyved.org\/wp-content\/uploads\/2024\/02\/Imagen24-1.jpg 567w\" sizes=\"(max-width: 300px) 100vw, 300px\" \/>En la ampliaci\u00f3n hecha en 1995 y 1996 se construy\u00f3, a la izquierda de la entrada, una sala m\u00e1s peque\u00f1a con dos vitrinas. En una de ellas se encuentran los enseres del paso del Cristo Yacente y los candelabros de guardabrisas de Jes\u00fas Nazareno, obra de Cerquera de 1958, restaurados y dorados de nuevo por Manuel Calvo en 2003-2004. Sobre la pared est\u00e1n los respiraderos del paso del Cristo yacente, obra del taller de la Hermandad en 2004. Tambi\u00e9n fueron los propios hermanos los que realizaron el tapiz situado a la derecha, que va bajo la urna procesional con el escudo ducal, dado que el Cristo estuvo siempre presidiendo el pante\u00f3n ducal de la colegiata. Entre los candelabros se sit\u00faan los cuatro grandes faroles dorados del paso del Stmo. Cristo Yacente, obra de Jim\u00e9nez, que se estrenaron en 1982. En la vitrina de la derecha, de forma angular, se halla en la parte central la cruz de gu\u00eda, realizada en madera con remates en plata de ley de Jim\u00e9nez en 1999, reproduciendo la anterior; a ambos lados se exponen dos faroles (1.985), ocho ciriales (1989-1991) y un juego de varas, todo ello del mismo orfebre. Delante de las varas hay seis dalm\u00e1ticas de terciopelo rojo con bordados de aplicaci\u00f3n en estilo renacimiento, realizado por los propios hermanos entre 2004 y 2008. En la parte inferior de la vitrina se disponen cinco incensarios y dos navetas labrados en plata de ley por Jim\u00e9nez en 1989 y 1990, y una naveta de Orfebrer\u00eda Triana, de 2010.<\/p><p><img loading=\"lazy\" decoding=\"async\" class=\"size-medium wp-image-666 alignright\" src=\"https:\/\/miradyved.ihermandad.es\/wp-content\/uploads\/2024\/02\/Imagen23-1-300x199.jpg\" alt=\"\" width=\"300\" height=\"199\" srcset=\"https:\/\/miradyved.org\/wp-content\/uploads\/2024\/02\/Imagen23-1-300x199.jpg 300w, https:\/\/miradyved.org\/wp-content\/uploads\/2024\/02\/Imagen23-1.jpg 567w\" sizes=\"(max-width: 300px) 100vw, 300px\" \/>En el \u00e1ngulo izquierdo de la vitrina nos encontramos t\u00fanica procesional de Jes\u00fas Nazareno, obra an\u00f3nima del siglo XVIII. Las potencias son obra de Jim\u00e9nez en 1980. Sobre la t\u00fanica, la casaca del cirineo, realizada con bordados de una saya del la Virgen de principios del XIX. Al lado de la vitrina, se encuentra la imagen del cirineo, obra de Lu\u00eds \u00c1lvarez Duarte en 1985.<\/p><p><img loading=\"lazy\" decoding=\"async\" class=\"size-medium wp-image-668 alignleft\" src=\"https:\/\/miradyved.ihermandad.es\/wp-content\/uploads\/2024\/02\/Imagen25-1-300x199.jpg\" alt=\"\" width=\"300\" height=\"199\" srcset=\"https:\/\/miradyved.org\/wp-content\/uploads\/2024\/02\/Imagen25-1-300x199.jpg 300w, https:\/\/miradyved.org\/wp-content\/uploads\/2024\/02\/Imagen25-1.jpg 567w\" sizes=\"(max-width: 300px) 100vw, 300px\" \/>Al fondo de la sala est\u00e1 la vitrina de la candeler\u00eda, en la que aparecen los noventa y seis candeleros del paso de palio, obra de Jim\u00e9nez en torno a 1973-1976. Preside esta vitrina el simpecado, bordado en 1984 por Caro, reutilizando el centro del palio anterior, en el que figuraba una inmaculada labrada en metal policromado. Tambi\u00e9n se incluyen aqu\u00ed una peque\u00f1a imagen exenta de la Inmaculada en plata con r\u00e1faga que va en la delantera del paso y una imagen del Ni\u00f1o Jes\u00fas del siglo XVIII, A los pies del simpecado encontramos una peque\u00f1a r\u00e9plica de Ntra. Sra. De los Dolores, obra de Luis \u00c1lvarez Duarte en 1975, que perteneci\u00f3 a D. Pedro Delgado Seijo y que fue donada a la Hermandad por sus herederos en 2011. Debajo de la imagen est\u00e1 situada la primera edici\u00f3n impresa de las primitivas reglas de la Hermandad, fechadas en 1712.<\/p><p><img loading=\"lazy\" decoding=\"async\" class=\"size-medium wp-image-669 alignright\" src=\"https:\/\/miradyved.ihermandad.es\/wp-content\/uploads\/2024\/02\/Imagen26-1-182x300.jpg\" alt=\"\" width=\"182\" height=\"300\" srcset=\"https:\/\/miradyved.org\/wp-content\/uploads\/2024\/02\/Imagen26-1-182x300.jpg 182w, https:\/\/miradyved.org\/wp-content\/uploads\/2024\/02\/Imagen26-1.jpg 200w\" sizes=\"(max-width: 182px) 100vw, 182px\" \/>Junto a la vitrina de la candeler\u00eda, se expone un gran dosel, de 4.90 metros de altura, bordado por los propios hermanos con t\u00e9cnicas de aplicaci\u00f3n de tis\u00fa y telas de diversos colores, reproduciendo el dibujo y el tama\u00f1o del gran manifestador del Corpus de la Parroquia. En la realizaci\u00f3n del bordado se emplearon catorce meses de trabajo (unas 4.800 horas aproximadamente), se utilizaron 9500 metros de hilo de coser y 2700 metros de cord\u00f3n de perfilar (en oro y en diversos colores), 4000 lentejuelas, seis metros de tis\u00fa de oro y siete metros y medio de telas de brocado; todo ello va sobre un soporte de veintis\u00e9is metros de terciopelo carmes\u00ed. El dosel se estren\u00f3 en el besamanos de 2007. Delante del dosel est\u00e1 emplazada la cruz de Jes\u00fas Nazareno, de cedro con cantoneras de plata labradas por Orfebrer\u00eda Almagro en 2009 y reformada por Orfebrer\u00eda Triana en 2010. Rodean la base de la cruz unos \u00e1ngeles luciferarios de Manuel Cerquera, de 1958, que sirven de pedestal a la urna del Yacente. Junto al dosel est\u00e1 la primitiva imagen del cirineo, de tama\u00f1o menor que el natural, obra de Manuel Garc\u00eda de Santiago en 1756, y que ya no se utiliza en el paso.<\/p><p><img loading=\"lazy\" decoding=\"async\" class=\"size-medium wp-image-670 alignleft\" src=\"https:\/\/miradyved.ihermandad.es\/wp-content\/uploads\/2024\/02\/Imagen27-1-300x199.jpg\" alt=\"\" width=\"300\" height=\"199\" srcset=\"https:\/\/miradyved.org\/wp-content\/uploads\/2024\/02\/Imagen27-1-300x199.jpg 300w, https:\/\/miradyved.org\/wp-content\/uploads\/2024\/02\/Imagen27-1.jpg 567w\" sizes=\"(max-width: 300px) 100vw, 300px\" \/>A la derecha de la puerta de entrada encontramos otra gran vitrina que contiene los mantos y sayas de camar\u00edn de la Stma. Virgen con sendas coronas y diademas o r\u00e1fagas. La distribuci\u00f3n depende del momento lit\u00fargico, pues siempre hay un conjunto que est\u00e1 luciendo la Sagrada Imagen y que, l\u00f3gicamente, no est\u00e1 en la exposici\u00f3n. La relaci\u00f3n completa es la siguiente: una corona labrada en metal dorado, realizada por Seco en 1947; otra de plata en su color, cincelada por Jim\u00e9nez en 1982 ; la corona de salida de la Virgen, de estilo rococ\u00f3 antequerano, labrada en plata dorada por Jos\u00e9 Jim\u00e9nez en 1995 y otra corona, que normalmente luce la Virgen en su altar, labrada en plata dorada por Juan Borrero, de orfebrer\u00eda Triana, en 2005, reproduciendo fielmente la primera que tuvo la Imagen, del siglo XVIII, y que por desgracia se perdi\u00f3 en los a\u00f1os 40 del siglo XX. Posee adem\u00e1s dos diademas o r\u00e1fagas, una plateada y otra dorada, de Seco y Jim\u00e9nez, respectivamente.<\/p><p>En cuanto al ajuar bordado, encontramos un manto y saya, de color rojo Burdeos, bordado el primero por Rosario Bernardino en 2004, reproduciendo fielmente un antiguo manto que Patrocinio L\u00f3pez bord\u00f3 para la Virgen en 1859; en la saya fueron recuperados y pasados esos antiguos bordados por el taller de Caro en 2000 ; un manto negro con dibujo geom\u00e9trico de estilo rom\u00e1ntico, bordado por \u00c1gueda Verdugo en 2001 y una saya, de tis\u00fa de plata, dise\u00f1ada por el ceramista Paco Franco P\u00e9rez y estrenada en 1987, con motivo de la celebraci\u00f3n del 275 aniversario fundacional; un manto color morado, realizado con los bordados del antiguo manto de salida, pasado a nuevo terciopelo por Caro en 1994; la saya, en terciopelo negro, era la que se utilizaba para la salida procesional antes de 1994 y data de principios del siglo XX; un manto bordado sobre terciopelo azul, de estilo neomud\u00e9jar, del taller de Caro en 2002; la saya, de color morado, fue bordada en el mismo taller en 1985 y fue costeada por el grupo joven de la Hermandad; un conjunto de manto y saya de color grana, con bordados del siglo XVIII que fueron donados por D. Mill\u00e1n Delgado en 1968.<\/p><p><img loading=\"lazy\" decoding=\"async\" class=\"size-medium wp-image-716 alignleft\" src=\"https:\/\/miradyved.ihermandad.es\/wp-content\/uploads\/2024\/02\/Techo-de-palio-2023-300x250.jpg\" alt=\"\" width=\"300\" height=\"250\" srcset=\"https:\/\/miradyved.org\/wp-content\/uploads\/2024\/02\/Techo-de-palio-2023-300x250.jpg 300w, https:\/\/miradyved.org\/wp-content\/uploads\/2024\/02\/Techo-de-palio-2023.jpg 566w\" sizes=\"(max-width: 300px) 100vw, 300px\" \/>En las vitrinas realizadas en la ampliaci\u00f3n de 2012 se exponen el palio y los respiraderos el paso de la Stma. Virgen. En el \u00e1ngulo izquierdo aparece el techo de palio, estrenado en 2023 y bordado por Pepi Maya, se asemeja en su estructura a un artesonado, cuyas divisiones se corresponden con las que marcan la separaci\u00f3n de los varales y las bambalinas. La gloria del centro aparece rodeada de casetones en los que figuran motivos florales, puesto que con esta pieza se quiere transmitir la idea de que se trata de un techo de flores que cobija a la Flor de las flores. Especial menci\u00f3n requiere la gloria, presidida por la Virgen del \u00c1lamo, antigua patrona de Olivares. Esta imagen aparece sobre un gran \u00e1lamo, cuyas hojas llenan todo el espacio y que parte de un paisaje propio del Aljarafe sevillano: con campos de olivos, un venero de agua, lirios y flores silvestres. Dada la complejidad en su realizaci\u00f3n, fue lo primero que se bord\u00f3 en noviembre de 2019. Los rostros de la Virgen del \u00c1lamo y del Ni\u00f1o son de marfil, tallados por el imaginero miniaturista Carlos Valle. Las coronas y el cetro han sido cincelados en plata de ley en los talleres de Villarreal. En el centro, se sit\u00faan los respiraderos del paso de palio, estrenados en 2007, con bordados de Sobrinos de Esperanza Elena Caro y soporte de plata de orfebrer\u00eda Triana. La pieza se compone de trece pa\u00f1os bordados sobre terciopelo y malla de oro, enmarcados por m\u00e9nsulas o colgantes de plata que parten de un baquet\u00f3n del mismo metal. La parte inferior de cada pa\u00f1o se monta sobre malla de bolillo y la parte superior sobre terciopelo granate. La malla est\u00e1s enmarcada en la parte inferior por riscos a modo de gal\u00f3n con filo de cartulina, y en la parte superior por dos quimeras o cabezas de le\u00f3n, piezas tejidas de \u00abmuestra\u00bb con filo de hojilla, rematadas con pieza escamada y recogido todo el conjunto con lazos de milan\u00e9 azul. En el centro de cada pa\u00f1o se sit\u00faa una cartela, siete de las cuales van bordadas en seda, representando los siete dolores de la Virgen, y los seis restantes entonan la primera estrofa del Stabat Mater (STABAT MATER DOLOROSA IUXTA CRUCEM LACRIMOSA). En el bordado de estos respiraderos se han usado las t\u00e9cnicas m\u00e1s nobles y dif\u00edciles del oficio: las miniaturas en seda, los lazos de milan\u00e9, las paredillas, cartulinas montadas, etc. Debajo de los respiraderos est\u00e1 la mesa de representaci\u00f3n de la Hermandad y, sobre ella, un crucifijo en terracota del siglo XIX, flanqueado por dos faroles en plata de forma piramidal que van sobre las m\u00e9nsulas delanteras de los respiraderos, labrados por orfebrer\u00eda Triana en 2008.<\/p><p><img loading=\"lazy\" decoding=\"async\" class=\"size-medium wp-image-672 alignright\" src=\"https:\/\/miradyved.ihermandad.es\/wp-content\/uploads\/2024\/02\/Imagen29-300x199.jpg\" alt=\"\" width=\"300\" height=\"199\" srcset=\"https:\/\/miradyved.org\/wp-content\/uploads\/2024\/02\/Imagen29-300x199.jpg 300w, https:\/\/miradyved.org\/wp-content\/uploads\/2024\/02\/Imagen29.jpg 567w\" sizes=\"(max-width: 300px) 100vw, 300px\" \/>A ambos lados de los respiraderos est\u00e1n situadas las nuevas ca\u00eddas o bambalinas del palio, obra del taller de Caro de 2010- 2012, y fueron dise\u00f1adas, como los respiraderos, por Luis Becerra V\u00e1zquez. Junto a las ca\u00eddas est\u00e1n las bocinas del paso de la Stma. Virgen, del mismo orfebre y bordador que las del Nazareno, pero con pa\u00f1o bordado sobre terciopelo negro con un coraz\u00f3n con las siete espadas.<\/p>\t\t\t\t\t\t\t\t<\/div>\n\t\t\t\t<\/div>\n\t\t\t\t\t<\/div>\n\t\t\t\t<\/div>\n\t\t\t\t<\/div>\n\t\t","protected":false},"excerpt":{"rendered":"<p>En la planta alta de la casa-Hermandad se encuentra la sala de exposici\u00f3n de enseres y objetos de culto. Inaugurada en 1978, fue ampliada y reformada en profundidad entre 1995 y 1996, dot\u00e1ndola de nuevas vitrinas de madera, revestimiento de paredes, soler\u00eda e iluminaci\u00f3n. En 2012, se han incorporado dos nuevas vitrinas y se han [&hellip;]<\/p>\n","protected":false},"author":2,"featured_media":0,"parent":0,"menu_order":0,"comment_status":"closed","ping_status":"closed","template":"","meta":{"footnotes":""},"class_list":["post-660","page","type-page","status-publish","hentry"],"_links":{"self":[{"href":"https:\/\/miradyved.org\/index.php\/wp-json\/wp\/v2\/pages\/660","targetHints":{"allow":["GET"]}}],"collection":[{"href":"https:\/\/miradyved.org\/index.php\/wp-json\/wp\/v2\/pages"}],"about":[{"href":"https:\/\/miradyved.org\/index.php\/wp-json\/wp\/v2\/types\/page"}],"author":[{"embeddable":true,"href":"https:\/\/miradyved.org\/index.php\/wp-json\/wp\/v2\/users\/2"}],"replies":[{"embeddable":true,"href":"https:\/\/miradyved.org\/index.php\/wp-json\/wp\/v2\/comments?post=660"}],"version-history":[{"count":7,"href":"https:\/\/miradyved.org\/index.php\/wp-json\/wp\/v2\/pages\/660\/revisions"}],"predecessor-version":[{"id":720,"href":"https:\/\/miradyved.org\/index.php\/wp-json\/wp\/v2\/pages\/660\/revisions\/720"}],"wp:attachment":[{"href":"https:\/\/miradyved.org\/index.php\/wp-json\/wp\/v2\/media?parent=660"}],"curies":[{"name":"wp","href":"https:\/\/api.w.org\/{rel}","templated":true}]}}