{"id":6635,"date":"2024-08-17T15:30:55","date_gmt":"2024-08-17T15:30:55","guid":{"rendered":"https:\/\/miradyved.ihermandad.es\/?page_id=6635"},"modified":"2024-08-17T15:36:14","modified_gmt":"2024-08-17T15:36:14","slug":"xxi-pregon-de-semana-santa-2017","status":"publish","type":"page","link":"https:\/\/miradyved.org\/index.php\/xxi-pregon-de-semana-santa-2017\/","title":{"rendered":"XXI Preg\u00f3n de Semana Santa 2017"},"content":{"rendered":"\t\t<div data-elementor-type=\"wp-page\" data-elementor-id=\"6635\" class=\"elementor elementor-6635\" data-elementor-post-type=\"page\">\n\t\t\t\t<div class=\"elementor-element elementor-element-f0cc0fb e-flex e-con-boxed e-con e-parent\" data-id=\"f0cc0fb\" data-element_type=\"container\" data-e-type=\"container\">\n\t\t\t\t\t<div class=\"e-con-inner\">\n\t\t\t\t<div class=\"elementor-element elementor-element-34649e5 elementor-widget elementor-widget-text-editor\" data-id=\"34649e5\" data-element_type=\"widget\" data-e-type=\"widget\" data-widget_type=\"text-editor.default\">\n\t\t\t\t<div class=\"elementor-widget-container\">\n\t\t\t\t\t\t\t\t\t<p>Pronunciado por Do\u00f1a Maruja Vilches Trujillo, estuvo acompa\u00f1ada por el Coro de los Javieres y a los sones de la Asociaci\u00f3n Filarm\u00f3nica Cultural Nuestra Se\u00f1ora de las Nieves de Olivares.<\/p>\t\t\t\t\t\t\t\t<\/div>\n\t\t\t\t<\/div>\n\t\t\t\t<div class=\"elementor-element elementor-element-4f20c5f elementor-widget elementor-widget-gallery\" data-id=\"4f20c5f\" data-element_type=\"widget\" data-e-type=\"widget\" data-settings=\"{&quot;gallery_layout&quot;:&quot;justified&quot;,&quot;lazyload&quot;:&quot;yes&quot;,&quot;ideal_row_height&quot;:{&quot;unit&quot;:&quot;px&quot;,&quot;size&quot;:200,&quot;sizes&quot;:[]},&quot;ideal_row_height_tablet&quot;:{&quot;unit&quot;:&quot;px&quot;,&quot;size&quot;:150,&quot;sizes&quot;:[]},&quot;ideal_row_height_mobile&quot;:{&quot;unit&quot;:&quot;px&quot;,&quot;size&quot;:150,&quot;sizes&quot;:[]},&quot;gap&quot;:{&quot;unit&quot;:&quot;px&quot;,&quot;size&quot;:10,&quot;sizes&quot;:[]},&quot;gap_tablet&quot;:{&quot;unit&quot;:&quot;px&quot;,&quot;size&quot;:10,&quot;sizes&quot;:[]},&quot;gap_mobile&quot;:{&quot;unit&quot;:&quot;px&quot;,&quot;size&quot;:10,&quot;sizes&quot;:[]},&quot;link_to&quot;:&quot;file&quot;,&quot;overlay_background&quot;:&quot;yes&quot;,&quot;content_hover_animation&quot;:&quot;fade-in&quot;}\" data-widget_type=\"gallery.default\">\n\t\t\t\t<div class=\"elementor-widget-container\">\n\t\t\t\t\t\t\t<div class=\"elementor-gallery__container\">\n\t\t\t\t\t\t\t<a class=\"e-gallery-item elementor-gallery-item elementor-animated-content\" href=\"https:\/\/miradyved.org\/wp-content\/uploads\/2024\/08\/1053.webp\" data-elementor-open-lightbox=\"yes\" data-elementor-lightbox-slideshow=\"4f20c5f\" data-elementor-lightbox-title=\"1053\" data-e-action-hash=\"#elementor-action%3Aaction%3Dlightbox%26settings%3DeyJpZCI6NjYzNywidXJsIjoiaHR0cHM6XC9cL21pcmFkeXZlZC5vcmdcL3dwLWNvbnRlbnRcL3VwbG9hZHNcLzIwMjRcLzA4XC8xMDUzLndlYnAiLCJzbGlkZXNob3ciOiI0ZjIwYzVmIn0%3D\">\n\t\t\t\t\t<div class=\"e-gallery-image elementor-gallery-item__image\" data-thumbnail=\"https:\/\/miradyved.org\/wp-content\/uploads\/2024\/08\/1053-300x200.webp\" data-width=\"300\" data-height=\"200\" aria-label=\"\" role=\"img\" ><\/div>\n\t\t\t\t\t\t\t\t\t\t\t<div class=\"elementor-gallery-item__overlay\"><\/div>\n\t\t\t\t\t\t\t\t\t\t\t\t\t\t<\/a>\n\t\t\t\t\t\t\t<a class=\"e-gallery-item elementor-gallery-item elementor-animated-content\" href=\"https:\/\/miradyved.org\/wp-content\/uploads\/2024\/08\/1054.webp\" data-elementor-open-lightbox=\"yes\" data-elementor-lightbox-slideshow=\"4f20c5f\" data-elementor-lightbox-title=\"1054\" data-e-action-hash=\"#elementor-action%3Aaction%3Dlightbox%26settings%3DeyJpZCI6NjYzOCwidXJsIjoiaHR0cHM6XC9cL21pcmFkeXZlZC5vcmdcL3dwLWNvbnRlbnRcL3VwbG9hZHNcLzIwMjRcLzA4XC8xMDU0LndlYnAiLCJzbGlkZXNob3ciOiI0ZjIwYzVmIn0%3D\">\n\t\t\t\t\t<div class=\"e-gallery-image elementor-gallery-item__image\" data-thumbnail=\"https:\/\/miradyved.org\/wp-content\/uploads\/2024\/08\/1054-300x200.webp\" data-width=\"300\" data-height=\"200\" aria-label=\"\" role=\"img\" ><\/div>\n\t\t\t\t\t\t\t\t\t\t\t<div class=\"elementor-gallery-item__overlay\"><\/div>\n\t\t\t\t\t\t\t\t\t\t\t\t\t\t<\/a>\n\t\t\t\t\t\t\t<a class=\"e-gallery-item elementor-gallery-item elementor-animated-content\" href=\"https:\/\/miradyved.org\/wp-content\/uploads\/2024\/08\/1055.webp\" data-elementor-open-lightbox=\"yes\" data-elementor-lightbox-slideshow=\"4f20c5f\" data-elementor-lightbox-title=\"1055\" data-e-action-hash=\"#elementor-action%3Aaction%3Dlightbox%26settings%3DeyJpZCI6NjYzOSwidXJsIjoiaHR0cHM6XC9cL21pcmFkeXZlZC5vcmdcL3dwLWNvbnRlbnRcL3VwbG9hZHNcLzIwMjRcLzA4XC8xMDU1LndlYnAiLCJzbGlkZXNob3ciOiI0ZjIwYzVmIn0%3D\">\n\t\t\t\t\t<div class=\"e-gallery-image elementor-gallery-item__image\" data-thumbnail=\"https:\/\/miradyved.org\/wp-content\/uploads\/2024\/08\/1055-300x200.webp\" data-width=\"300\" data-height=\"200\" aria-label=\"\" role=\"img\" ><\/div>\n\t\t\t\t\t\t\t\t\t\t\t<div class=\"elementor-gallery-item__overlay\"><\/div>\n\t\t\t\t\t\t\t\t\t\t\t\t\t\t<\/a>\n\t\t\t\t\t\t\t<a class=\"e-gallery-item elementor-gallery-item elementor-animated-content\" href=\"https:\/\/miradyved.org\/wp-content\/uploads\/2024\/08\/1056.webp\" data-elementor-open-lightbox=\"yes\" data-elementor-lightbox-slideshow=\"4f20c5f\" data-elementor-lightbox-title=\"1056\" data-e-action-hash=\"#elementor-action%3Aaction%3Dlightbox%26settings%3DeyJpZCI6NjY0MCwidXJsIjoiaHR0cHM6XC9cL21pcmFkeXZlZC5vcmdcL3dwLWNvbnRlbnRcL3VwbG9hZHNcLzIwMjRcLzA4XC8xMDU2LndlYnAiLCJzbGlkZXNob3ciOiI0ZjIwYzVmIn0%3D\">\n\t\t\t\t\t<div class=\"e-gallery-image elementor-gallery-item__image\" data-thumbnail=\"https:\/\/miradyved.org\/wp-content\/uploads\/2024\/08\/1056-300x200.webp\" data-width=\"300\" data-height=\"200\" aria-label=\"\" role=\"img\" ><\/div>\n\t\t\t\t\t\t\t\t\t\t\t<div class=\"elementor-gallery-item__overlay\"><\/div>\n\t\t\t\t\t\t\t\t\t\t\t\t\t\t<\/a>\n\t\t\t\t\t\t\t<a class=\"e-gallery-item elementor-gallery-item elementor-animated-content\" href=\"https:\/\/miradyved.org\/wp-content\/uploads\/2024\/08\/1057.webp\" data-elementor-open-lightbox=\"yes\" data-elementor-lightbox-slideshow=\"4f20c5f\" data-elementor-lightbox-title=\"1057\" data-e-action-hash=\"#elementor-action%3Aaction%3Dlightbox%26settings%3DeyJpZCI6NjY0MiwidXJsIjoiaHR0cHM6XC9cL21pcmFkeXZlZC5vcmdcL3dwLWNvbnRlbnRcL3VwbG9hZHNcLzIwMjRcLzA4XC8xMDU3LndlYnAiLCJzbGlkZXNob3ciOiI0ZjIwYzVmIn0%3D\">\n\t\t\t\t\t<div class=\"e-gallery-image elementor-gallery-item__image\" data-thumbnail=\"https:\/\/miradyved.org\/wp-content\/uploads\/2024\/08\/1057-300x200.webp\" data-width=\"300\" data-height=\"200\" aria-label=\"\" role=\"img\" ><\/div>\n\t\t\t\t\t\t\t\t\t\t\t<div class=\"elementor-gallery-item__overlay\"><\/div>\n\t\t\t\t\t\t\t\t\t\t\t\t\t\t<\/a>\n\t\t\t\t\t\t\t<a class=\"e-gallery-item elementor-gallery-item elementor-animated-content\" href=\"https:\/\/miradyved.org\/wp-content\/uploads\/2024\/08\/1058.webp\" data-elementor-open-lightbox=\"yes\" data-elementor-lightbox-slideshow=\"4f20c5f\" data-elementor-lightbox-title=\"1058\" data-e-action-hash=\"#elementor-action%3Aaction%3Dlightbox%26settings%3DeyJpZCI6NjY0MywidXJsIjoiaHR0cHM6XC9cL21pcmFkeXZlZC5vcmdcL3dwLWNvbnRlbnRcL3VwbG9hZHNcLzIwMjRcLzA4XC8xMDU4LndlYnAiLCJzbGlkZXNob3ciOiI0ZjIwYzVmIn0%3D\">\n\t\t\t\t\t<div class=\"e-gallery-image elementor-gallery-item__image\" data-thumbnail=\"https:\/\/miradyved.org\/wp-content\/uploads\/2024\/08\/1058-300x200.webp\" data-width=\"300\" data-height=\"200\" aria-label=\"\" role=\"img\" ><\/div>\n\t\t\t\t\t\t\t\t\t\t\t<div class=\"elementor-gallery-item__overlay\"><\/div>\n\t\t\t\t\t\t\t\t\t\t\t\t\t\t<\/a>\n\t\t\t\t\t\t\t<a class=\"e-gallery-item elementor-gallery-item elementor-animated-content\" href=\"https:\/\/miradyved.org\/wp-content\/uploads\/2024\/08\/1059.webp\" data-elementor-open-lightbox=\"yes\" data-elementor-lightbox-slideshow=\"4f20c5f\" data-elementor-lightbox-title=\"1059\" data-e-action-hash=\"#elementor-action%3Aaction%3Dlightbox%26settings%3DeyJpZCI6NjY0NCwidXJsIjoiaHR0cHM6XC9cL21pcmFkeXZlZC5vcmdcL3dwLWNvbnRlbnRcL3VwbG9hZHNcLzIwMjRcLzA4XC8xMDU5LndlYnAiLCJzbGlkZXNob3ciOiI0ZjIwYzVmIn0%3D\">\n\t\t\t\t\t<div class=\"e-gallery-image elementor-gallery-item__image\" data-thumbnail=\"https:\/\/miradyved.org\/wp-content\/uploads\/2024\/08\/1059-200x300.webp\" data-width=\"200\" data-height=\"300\" aria-label=\"\" role=\"img\" ><\/div>\n\t\t\t\t\t\t\t\t\t\t\t<div class=\"elementor-gallery-item__overlay\"><\/div>\n\t\t\t\t\t\t\t\t\t\t\t\t\t\t<\/a>\n\t\t\t\t\t\t\t<a class=\"e-gallery-item elementor-gallery-item elementor-animated-content\" href=\"https:\/\/miradyved.org\/wp-content\/uploads\/2024\/08\/1060.webp\" data-elementor-open-lightbox=\"yes\" data-elementor-lightbox-slideshow=\"4f20c5f\" data-elementor-lightbox-title=\"1060\" data-e-action-hash=\"#elementor-action%3Aaction%3Dlightbox%26settings%3DeyJpZCI6NjY0NSwidXJsIjoiaHR0cHM6XC9cL21pcmFkeXZlZC5vcmdcL3dwLWNvbnRlbnRcL3VwbG9hZHNcLzIwMjRcLzA4XC8xMDYwLndlYnAiLCJzbGlkZXNob3ciOiI0ZjIwYzVmIn0%3D\">\n\t\t\t\t\t<div class=\"e-gallery-image elementor-gallery-item__image\" data-thumbnail=\"https:\/\/miradyved.org\/wp-content\/uploads\/2024\/08\/1060-300x200.webp\" data-width=\"300\" data-height=\"200\" aria-label=\"\" role=\"img\" ><\/div>\n\t\t\t\t\t\t\t\t\t\t\t<div class=\"elementor-gallery-item__overlay\"><\/div>\n\t\t\t\t\t\t\t\t\t\t\t\t\t\t<\/a>\n\t\t\t\t\t\t\t<a class=\"e-gallery-item elementor-gallery-item elementor-animated-content\" href=\"https:\/\/miradyved.org\/wp-content\/uploads\/2024\/08\/1061.webp\" data-elementor-open-lightbox=\"yes\" data-elementor-lightbox-slideshow=\"4f20c5f\" data-elementor-lightbox-title=\"1061\" data-e-action-hash=\"#elementor-action%3Aaction%3Dlightbox%26settings%3DeyJpZCI6NjY0NiwidXJsIjoiaHR0cHM6XC9cL21pcmFkeXZlZC5vcmdcL3dwLWNvbnRlbnRcL3VwbG9hZHNcLzIwMjRcLzA4XC8xMDYxLndlYnAiLCJzbGlkZXNob3ciOiI0ZjIwYzVmIn0%3D\">\n\t\t\t\t\t<div class=\"e-gallery-image elementor-gallery-item__image\" data-thumbnail=\"https:\/\/miradyved.org\/wp-content\/uploads\/2024\/08\/1061-300x200.webp\" data-width=\"300\" data-height=\"200\" aria-label=\"\" role=\"img\" ><\/div>\n\t\t\t\t\t\t\t\t\t\t\t<div class=\"elementor-gallery-item__overlay\"><\/div>\n\t\t\t\t\t\t\t\t\t\t\t\t\t\t<\/a>\n\t\t\t\t\t\t\t<a class=\"e-gallery-item elementor-gallery-item elementor-animated-content\" href=\"https:\/\/miradyved.org\/wp-content\/uploads\/2024\/08\/1062.webp\" data-elementor-open-lightbox=\"yes\" data-elementor-lightbox-slideshow=\"4f20c5f\" data-elementor-lightbox-title=\"1062\" data-e-action-hash=\"#elementor-action%3Aaction%3Dlightbox%26settings%3DeyJpZCI6NjY0NywidXJsIjoiaHR0cHM6XC9cL21pcmFkeXZlZC5vcmdcL3dwLWNvbnRlbnRcL3VwbG9hZHNcLzIwMjRcLzA4XC8xMDYyLndlYnAiLCJzbGlkZXNob3ciOiI0ZjIwYzVmIn0%3D\">\n\t\t\t\t\t<div class=\"e-gallery-image elementor-gallery-item__image\" data-thumbnail=\"https:\/\/miradyved.org\/wp-content\/uploads\/2024\/08\/1062-300x200.webp\" data-width=\"300\" data-height=\"200\" aria-label=\"\" role=\"img\" ><\/div>\n\t\t\t\t\t\t\t\t\t\t\t<div class=\"elementor-gallery-item__overlay\"><\/div>\n\t\t\t\t\t\t\t\t\t\t\t\t\t\t<\/a>\n\t\t\t\t\t<\/div>\n\t\t\t\t\t<\/div>\n\t\t\t\t<\/div>\n\t\t\t\t\t<\/div>\n\t\t\t\t<\/div>\n\t\t\t\t<\/div>\n\t\t","protected":false},"excerpt":{"rendered":"<p>Pronunciado por Do\u00f1a Maruja Vilches Trujillo, estuvo acompa\u00f1ada por el Coro de los Javieres y a los sones de la Asociaci\u00f3n Filarm\u00f3nica Cultural Nuestra Se\u00f1ora de las Nieves de Olivares.<\/p>\n","protected":false},"author":2,"featured_media":0,"parent":0,"menu_order":0,"comment_status":"closed","ping_status":"closed","template":"","meta":{"footnotes":""},"class_list":["post-6635","page","type-page","status-publish","hentry"],"_links":{"self":[{"href":"https:\/\/miradyved.org\/index.php\/wp-json\/wp\/v2\/pages\/6635","targetHints":{"allow":["GET"]}}],"collection":[{"href":"https:\/\/miradyved.org\/index.php\/wp-json\/wp\/v2\/pages"}],"about":[{"href":"https:\/\/miradyved.org\/index.php\/wp-json\/wp\/v2\/types\/page"}],"author":[{"embeddable":true,"href":"https:\/\/miradyved.org\/index.php\/wp-json\/wp\/v2\/users\/2"}],"replies":[{"embeddable":true,"href":"https:\/\/miradyved.org\/index.php\/wp-json\/wp\/v2\/comments?post=6635"}],"version-history":[{"count":4,"href":"https:\/\/miradyved.org\/index.php\/wp-json\/wp\/v2\/pages\/6635\/revisions"}],"predecessor-version":[{"id":6650,"href":"https:\/\/miradyved.org\/index.php\/wp-json\/wp\/v2\/pages\/6635\/revisions\/6650"}],"wp:attachment":[{"href":"https:\/\/miradyved.org\/index.php\/wp-json\/wp\/v2\/media?parent=6635"}],"curies":[{"name":"wp","href":"https:\/\/api.w.org\/{rel}","templated":true}]}}