{"id":7087,"date":"2024-08-19T15:14:25","date_gmt":"2024-08-19T15:14:25","guid":{"rendered":"https:\/\/miradyved.ihermandad.es\/?page_id=7087"},"modified":"2024-08-19T15:32:37","modified_gmt":"2024-08-19T15:32:37","slug":"pregones","status":"publish","type":"page","link":"https:\/\/miradyved.org\/index.php\/pregones\/","title":{"rendered":"Pregones"},"content":{"rendered":"\t\t<div data-elementor-type=\"wp-page\" data-elementor-id=\"7087\" class=\"elementor elementor-7087\" data-elementor-post-type=\"page\">\n\t\t\t\t<div class=\"elementor-element elementor-element-38ca4f4 e-grid e-con-boxed e-con e-parent\" data-id=\"38ca4f4\" data-element_type=\"container\" data-e-type=\"container\">\n\t\t\t\t\t<div class=\"e-con-inner\">\n\t\t\t\t<div class=\"elementor-element elementor-element-287a7df elementor-widget elementor-widget-image\" data-id=\"287a7df\" data-element_type=\"widget\" data-e-type=\"widget\" data-widget_type=\"image.default\">\n\t\t\t\t<div class=\"elementor-widget-container\">\n\t\t\t\t\t\t\t\t\t\t\t\t<figure class=\"wp-caption\">\n\t\t\t\t\t\t\t\t\t\t\t<a href=\"https:\/\/miradyved.ihermandad.es\/index.php\/pregon-de-semana-santa-2023\/\">\n\t\t\t\t\t\t\t<img fetchpriority=\"high\" decoding=\"async\" width=\"800\" height=\"534\" src=\"https:\/\/miradyved.org\/wp-content\/uploads\/2024\/08\/Pregonsoledad23-09-1024x683.webp\" class=\"attachment-large size-large wp-image-6718\" alt=\"\" srcset=\"https:\/\/miradyved.org\/wp-content\/uploads\/2024\/08\/Pregonsoledad23-09-1024x683.webp 1024w, https:\/\/miradyved.org\/wp-content\/uploads\/2024\/08\/Pregonsoledad23-09-300x200.webp 300w, https:\/\/miradyved.org\/wp-content\/uploads\/2024\/08\/Pregonsoledad23-09-768x512.webp 768w, https:\/\/miradyved.org\/wp-content\/uploads\/2024\/08\/Pregonsoledad23-09.webp 1080w\" sizes=\"(max-width: 800px) 100vw, 800px\" \/>\t\t\t\t\t\t\t\t<\/a>\n\t\t\t\t\t\t\t\t\t\t\t<figcaption class=\"widget-image-caption wp-caption-text\">Preg\u00f3n 2023<\/figcaption>\n\t\t\t\t\t\t\t\t\t\t<\/figure>\n\t\t\t\t\t\t\t\t\t<\/div>\n\t\t\t\t<\/div>\n\t\t\t\t<div class=\"elementor-element elementor-element-f558bc7 elementor-widget elementor-widget-image\" data-id=\"f558bc7\" data-element_type=\"widget\" data-e-type=\"widget\" data-widget_type=\"image.default\">\n\t\t\t\t<div class=\"elementor-widget-container\">\n\t\t\t\t\t\t\t\t\t\t\t\t<figure class=\"wp-caption\">\n\t\t\t\t\t\t\t\t\t\t\t<a href=\"https:\/\/miradyved.ihermandad.es\/index.php\/pregon-de-semana-santa-2021\/\">\n\t\t\t\t\t\t\t<img decoding=\"async\" width=\"480\" height=\"360\" src=\"https:\/\/miradyved.org\/wp-content\/uploads\/2024\/08\/pregon21-02.webp\" class=\"attachment-large size-large wp-image-6698\" alt=\"\" srcset=\"https:\/\/miradyved.org\/wp-content\/uploads\/2024\/08\/pregon21-02.webp 480w, https:\/\/miradyved.org\/wp-content\/uploads\/2024\/08\/pregon21-02-300x225.webp 300w\" sizes=\"(max-width: 480px) 100vw, 480px\" \/>\t\t\t\t\t\t\t\t<\/a>\n\t\t\t\t\t\t\t\t\t\t\t<figcaption class=\"widget-image-caption wp-caption-text\">Preg\u00f3n 2021<\/figcaption>\n\t\t\t\t\t\t\t\t\t\t<\/figure>\n\t\t\t\t\t\t\t\t\t<\/div>\n\t\t\t\t<\/div>\n\t\t\t\t<div class=\"elementor-element elementor-element-ccf5ecb elementor-widget elementor-widget-image\" data-id=\"ccf5ecb\" data-element_type=\"widget\" data-e-type=\"widget\" data-widget_type=\"image.default\">\n\t\t\t\t<div class=\"elementor-widget-container\">\n\t\t\t\t\t\t\t\t\t\t\t\t<figure class=\"wp-caption\">\n\t\t\t\t\t\t\t\t\t\t\t<a href=\"https:\/\/miradyved.ihermandad.es\/index.php\/xxiii-pregon-de-semana-santa-2019\/\">\n\t\t\t\t\t\t\t<img decoding=\"async\" width=\"800\" height=\"534\" src=\"https:\/\/miradyved.org\/wp-content\/uploads\/2024\/08\/Pregon201905-1024x683.webp\" class=\"attachment-large size-large wp-image-6681\" alt=\"\" srcset=\"https:\/\/miradyved.org\/wp-content\/uploads\/2024\/08\/Pregon201905-1024x683.webp 1024w, https:\/\/miradyved.org\/wp-content\/uploads\/2024\/08\/Pregon201905-300x200.webp 300w, https:\/\/miradyved.org\/wp-content\/uploads\/2024\/08\/Pregon201905-768x512.webp 768w, https:\/\/miradyved.org\/wp-content\/uploads\/2024\/08\/Pregon201905.webp 1080w\" sizes=\"(max-width: 800px) 100vw, 800px\" \/>\t\t\t\t\t\t\t\t<\/a>\n\t\t\t\t\t\t\t\t\t\t\t<figcaption class=\"widget-image-caption wp-caption-text\">Preg\u00f3n 2019<\/figcaption>\n\t\t\t\t\t\t\t\t\t\t<\/figure>\n\t\t\t\t\t\t\t\t\t<\/div>\n\t\t\t\t<\/div>\n\t\t\t\t<div class=\"elementor-element elementor-element-21a26a2 elementor-widget elementor-widget-image\" data-id=\"21a26a2\" data-element_type=\"widget\" data-e-type=\"widget\" data-widget_type=\"image.default\">\n\t\t\t\t<div class=\"elementor-widget-container\">\n\t\t\t\t\t\t\t\t\t\t\t\t<figure class=\"wp-caption\">\n\t\t\t\t\t\t\t\t\t\t\t<a href=\"https:\/\/miradyved.ihermandad.es\/index.php\/xxii-pregon-de-semana-santa-2018\/\">\n\t\t\t\t\t\t\t<img loading=\"lazy\" decoding=\"async\" width=\"800\" height=\"533\" src=\"https:\/\/miradyved.org\/wp-content\/uploads\/2024\/08\/pregon2018_10.webp\" class=\"attachment-large size-large wp-image-6661\" alt=\"\" srcset=\"https:\/\/miradyved.org\/wp-content\/uploads\/2024\/08\/pregon2018_10.webp 800w, https:\/\/miradyved.org\/wp-content\/uploads\/2024\/08\/pregon2018_10-300x200.webp 300w, https:\/\/miradyved.org\/wp-content\/uploads\/2024\/08\/pregon2018_10-768x512.webp 768w\" sizes=\"(max-width: 800px) 100vw, 800px\" \/>\t\t\t\t\t\t\t\t<\/a>\n\t\t\t\t\t\t\t\t\t\t\t<figcaption class=\"widget-image-caption wp-caption-text\">Preg\u00f3n 2018<\/figcaption>\n\t\t\t\t\t\t\t\t\t\t<\/figure>\n\t\t\t\t\t\t\t\t\t<\/div>\n\t\t\t\t<\/div>\n\t\t\t\t<div class=\"elementor-element elementor-element-45a3541 elementor-widget elementor-widget-image\" data-id=\"45a3541\" data-element_type=\"widget\" data-e-type=\"widget\" data-widget_type=\"image.default\">\n\t\t\t\t<div class=\"elementor-widget-container\">\n\t\t\t\t\t\t\t\t\t\t\t\t<figure class=\"wp-caption\">\n\t\t\t\t\t\t\t\t\t\t\t<a href=\"https:\/\/miradyved.ihermandad.es\/index.php\/xxi-pregon-de-semana-santa-2017\/\">\n\t\t\t\t\t\t\t<img loading=\"lazy\" decoding=\"async\" width=\"800\" height=\"534\" src=\"https:\/\/miradyved.org\/wp-content\/uploads\/2024\/08\/1055.webp\" class=\"attachment-large size-large wp-image-6639\" alt=\"\" srcset=\"https:\/\/miradyved.org\/wp-content\/uploads\/2024\/08\/1055.webp 1000w, https:\/\/miradyved.org\/wp-content\/uploads\/2024\/08\/1055-300x200.webp 300w, https:\/\/miradyved.org\/wp-content\/uploads\/2024\/08\/1055-768x512.webp 768w\" sizes=\"(max-width: 800px) 100vw, 800px\" \/>\t\t\t\t\t\t\t\t<\/a>\n\t\t\t\t\t\t\t\t\t\t\t<figcaption class=\"widget-image-caption wp-caption-text\">Preg\u00f3n 2017<\/figcaption>\n\t\t\t\t\t\t\t\t\t\t<\/figure>\n\t\t\t\t\t\t\t\t\t<\/div>\n\t\t\t\t<\/div>\n\t\t\t\t<div class=\"elementor-element elementor-element-52117a1 elementor-widget elementor-widget-image\" data-id=\"52117a1\" data-element_type=\"widget\" data-e-type=\"widget\" data-widget_type=\"image.default\">\n\t\t\t\t<div class=\"elementor-widget-container\">\n\t\t\t\t\t\t\t\t\t\t\t\t<figure class=\"wp-caption\">\n\t\t\t\t\t\t\t\t\t\t\t<a href=\"https:\/\/miradyved.ihermandad.es\/index.php\/xx-pregon-de-semana-santa-2016\/\">\n\t\t\t\t\t\t\t<img loading=\"lazy\" decoding=\"async\" width=\"800\" height=\"533\" src=\"https:\/\/miradyved.org\/wp-content\/uploads\/2024\/08\/pregon2016_07.webp\" class=\"attachment-large size-large wp-image-6619\" alt=\"\" srcset=\"https:\/\/miradyved.org\/wp-content\/uploads\/2024\/08\/pregon2016_07.webp 800w, https:\/\/miradyved.org\/wp-content\/uploads\/2024\/08\/pregon2016_07-300x200.webp 300w, https:\/\/miradyved.org\/wp-content\/uploads\/2024\/08\/pregon2016_07-768x512.webp 768w\" sizes=\"(max-width: 800px) 100vw, 800px\" \/>\t\t\t\t\t\t\t\t<\/a>\n\t\t\t\t\t\t\t\t\t\t\t<figcaption class=\"widget-image-caption wp-caption-text\">Preg\u00f3n 2016<\/figcaption>\n\t\t\t\t\t\t\t\t\t\t<\/figure>\n\t\t\t\t\t\t\t\t\t<\/div>\n\t\t\t\t<\/div>\n\t\t\t\t<div class=\"elementor-element elementor-element-f5f2918 elementor-widget elementor-widget-image\" data-id=\"f5f2918\" data-element_type=\"widget\" data-e-type=\"widget\" data-widget_type=\"image.default\">\n\t\t\t\t<div class=\"elementor-widget-container\">\n\t\t\t\t\t\t\t\t\t\t\t\t<figure class=\"wp-caption\">\n\t\t\t\t\t\t\t\t\t\t\t<a href=\"https:\/\/miradyved.ihermandad.es\/index.php\/xviii-pregon-de-semana-santa-2014\/\">\n\t\t\t\t\t\t\t<img loading=\"lazy\" decoding=\"async\" width=\"800\" height=\"533\" src=\"https:\/\/miradyved.org\/wp-content\/uploads\/2024\/08\/pregon2014-09.webp\" class=\"attachment-large size-large wp-image-6599\" alt=\"\" srcset=\"https:\/\/miradyved.org\/wp-content\/uploads\/2024\/08\/pregon2014-09.webp 800w, https:\/\/miradyved.org\/wp-content\/uploads\/2024\/08\/pregon2014-09-300x200.webp 300w, https:\/\/miradyved.org\/wp-content\/uploads\/2024\/08\/pregon2014-09-768x512.webp 768w\" sizes=\"(max-width: 800px) 100vw, 800px\" \/>\t\t\t\t\t\t\t\t<\/a>\n\t\t\t\t\t\t\t\t\t\t\t<figcaption class=\"widget-image-caption wp-caption-text\">Preg\u00f3n 2014<\/figcaption>\n\t\t\t\t\t\t\t\t\t\t<\/figure>\n\t\t\t\t\t\t\t\t\t<\/div>\n\t\t\t\t<\/div>\n\t\t\t\t\t<\/div>\n\t\t\t\t<\/div>\n\t\t\t\t<\/div>\n\t\t","protected":false},"excerpt":{"rendered":"<p>Preg\u00f3n 2023 Preg\u00f3n 2021 Preg\u00f3n 2019 Preg\u00f3n 2018 Preg\u00f3n 2017 Preg\u00f3n 2016 Preg\u00f3n 2014<\/p>\n","protected":false},"author":2,"featured_media":0,"parent":0,"menu_order":0,"comment_status":"closed","ping_status":"closed","template":"","meta":{"footnotes":""},"class_list":["post-7087","page","type-page","status-publish","hentry"],"_links":{"self":[{"href":"https:\/\/miradyved.org\/index.php\/wp-json\/wp\/v2\/pages\/7087","targetHints":{"allow":["GET"]}}],"collection":[{"href":"https:\/\/miradyved.org\/index.php\/wp-json\/wp\/v2\/pages"}],"about":[{"href":"https:\/\/miradyved.org\/index.php\/wp-json\/wp\/v2\/types\/page"}],"author":[{"embeddable":true,"href":"https:\/\/miradyved.org\/index.php\/wp-json\/wp\/v2\/users\/2"}],"replies":[{"embeddable":true,"href":"https:\/\/miradyved.org\/index.php\/wp-json\/wp\/v2\/comments?post=7087"}],"version-history":[{"count":7,"href":"https:\/\/miradyved.org\/index.php\/wp-json\/wp\/v2\/pages\/7087\/revisions"}],"predecessor-version":[{"id":7096,"href":"https:\/\/miradyved.org\/index.php\/wp-json\/wp\/v2\/pages\/7087\/revisions\/7096"}],"wp:attachment":[{"href":"https:\/\/miradyved.org\/index.php\/wp-json\/wp\/v2\/media?parent=7087"}],"curies":[{"name":"wp","href":"https:\/\/api.w.org\/{rel}","templated":true}]}}