{"id":731,"date":"2024-02-19T14:44:16","date_gmt":"2024-02-19T14:44:16","guid":{"rendered":"https:\/\/miradyved.ihermandad.es\/?page_id=731"},"modified":"2026-02-09T05:35:18","modified_gmt":"2026-02-09T05:35:18","slug":"inscripcion-nuevos-hermanos","status":"publish","type":"page","link":"https:\/\/miradyved.org\/index.php\/inscripcion-nuevos-hermanos\/","title":{"rendered":"INSCRIPCI\u00d3N NUEVOS HERMANOS"},"content":{"rendered":"\t\t<div data-elementor-type=\"wp-page\" data-elementor-id=\"731\" class=\"elementor elementor-731\" data-elementor-post-type=\"page\">\n\t\t\t\t<div class=\"elementor-element elementor-element-d8c802e e-flex e-con-boxed e-con e-parent\" data-id=\"d8c802e\" data-element_type=\"container\" data-e-type=\"container\">\n\t\t\t\t\t<div class=\"e-con-inner\">\n\t\t\t\t<div class=\"elementor-element elementor-element-7d6e9a1 elementor-widget elementor-widget-text-editor\" data-id=\"7d6e9a1\" data-element_type=\"widget\" data-e-type=\"widget\" data-widget_type=\"text-editor.default\">\n\t\t\t\t<div class=\"elementor-widget-container\">\n\t\t\t\t\t\t\t\t\t<p><strong style=\"color: var( --e-global-color-text ); text-align: var(--text-align); font-size: 1rem;\">INSTRUCCIONES PARA LA INSCRIPCI\u00d3N COMO HERMANO\/A<\/strong><\/p>\n<p>Para ser admitido como hermano\/a tienes que cumplimentar previamente el siguiente formulario:<\/p>\n<ul>\n<li><a href=\"https:\/\/miradyved.org\/wp-content\/uploads\/2026\/02\/SolicitudAlta_Mayores16.pdf\"><strong>Solicitud de Ingreso para mayores de 16 a\u00f1os<\/strong><\/a><br>(Acompa\u00f1ada de Fe de Bautismo)<\/li>\n<li><a href=\"https:\/\/miradyved.org\/wp-content\/uploads\/2026\/02\/SolicitudAlta_Menores16.pdf\"><strong>Solicitud de Ingreso para menores de 16 a\u00f1os<\/strong><\/a><br>(Acompa\u00f1ada de Fe de Bautismo)<\/li>\n<\/ul>\n<p>Puedes conseguir este impreso en la Secretar\u00eda de la Hermandad o bien descargarlo directamente desde esta p\u00e1gina (formato pdf). Una vez descargado, deber\u00e1s consignar los datos en pantalla y posteriormente imprimirlo t\u00fa mismo. Finalmente, deber\u00e1s entregarlo personalmente en la Casa Hermandad o remitirlo por correo a la siguiente direcci\u00f3n:<\/p>\n<p><strong>Hermandad de la Soledad<br>C\/. Larga, 18.<br>41804 Olivares (Sevilla)<\/strong><\/p>\n<p><span style=\"font-weight: bolder; font-size: 1rem;\">&nbsp;<\/span><\/p>\n<p><span style=\"font-weight: bolder; font-size: 1rem;\">INSTRUCCIONES PARA LA MODIFICACI\u00d3N DE DATOS COMO HERMANO\/A<\/span><\/p>\n<div><span style=\"font-weight: bolder; font-size: 1rem;\">&nbsp;<\/span><span style=\"font-size: 1rem;\">Para ser modificar tus datos como hermano\/a tienes que cumplimentar previamente el siguiente formulario:<\/span><\/div>\n<ul style=\"background-color: #ffffff; font-size: 16px;\">\n<li style=\"font-size: 16px;\"><a href=\"https:\/\/miradyved.org\/wp-content\/uploads\/2026\/02\/ModificacionDatos_Mayores16.pdf\"><span style=\"font-weight: bolder;\">Solicitud de Modificaci\u00f3n de datos para mayores de 16 a\u00f1os<\/span><\/a><\/li>\n<li style=\"font-size: 16px;\"><a href=\"https:\/\/miradyved.org\/wp-content\/uploads\/2026\/02\/ModificacionDatos_Menores16.pdf\"><span style=\"font-weight: bolder;\">Solicitud de Modificaci\u00f3n de datos para menores de 16 a\u00f1os<\/span><\/a><\/li>\n<\/ul>\n<div>\n<div><span style=\"font-size: 1rem;\">Para darte de baja como hermano\/a tienes que cumplimentar previamente el siguiente formulario:<\/span><\/div>\n<ul style=\"background-color: #ffffff; font-size: 16px;\">\n<li style=\"font-size: 16px;\"><a href=\"https:\/\/miradyved.org\/wp-content\/uploads\/2026\/02\/BajaVoluntaria.pdf\"><span style=\"font-weight: bolder;\">Solicitud de Baja Voluntaria<\/span><\/a><\/li>\n<\/ul>\n<div><p>Puedes conseguir este impreso en la Secretar\u00eda de la Hermandad o bien descargarlo directamente desde esta p\u00e1gina (formato pdf). Una vez descargado, deber\u00e1s consignar los datos en pantalla y posteriormente imprimirlo t\u00fa mismo. Finalmente, deber\u00e1s entregarlo personalmente en la Casa Hermandad o remitirlo por correo a la siguiente direcci\u00f3n:<\/p><p><span style=\"font-weight: bolder;\">Hermandad de la Soledad<br>C\/. Larga, 18.<br>41804 Olivares (Sevilla)<\/span><\/p><\/div>\n<\/div>\t\t\t\t\t\t\t\t<\/div>\n\t\t\t\t<\/div>\n\t\t\t\t\t<\/div>\n\t\t\t\t<\/div>\n\t\t\t\t<\/div>\n\t\t","protected":false},"excerpt":{"rendered":"<p>INSTRUCCIONES PARA LA INSCRIPCI\u00d3N COMO HERMANO\/A Para ser admitido como hermano\/a tienes que cumplimentar previamente el siguiente formulario: Solicitud de Ingreso para mayores de 16 a\u00f1os(Acompa\u00f1ada de Fe de Bautismo) Solicitud de Ingreso para menores de 16 a\u00f1os(Acompa\u00f1ada de Fe de Bautismo) Puedes conseguir este impreso en la Secretar\u00eda de la Hermandad o bien descargarlo [&hellip;]<\/p>\n","protected":false},"author":2,"featured_media":0,"parent":0,"menu_order":0,"comment_status":"closed","ping_status":"closed","template":"","meta":{"footnotes":""},"class_list":["post-731","page","type-page","status-publish","hentry"],"_links":{"self":[{"href":"https:\/\/miradyved.org\/index.php\/wp-json\/wp\/v2\/pages\/731","targetHints":{"allow":["GET"]}}],"collection":[{"href":"https:\/\/miradyved.org\/index.php\/wp-json\/wp\/v2\/pages"}],"about":[{"href":"https:\/\/miradyved.org\/index.php\/wp-json\/wp\/v2\/types\/page"}],"author":[{"embeddable":true,"href":"https:\/\/miradyved.org\/index.php\/wp-json\/wp\/v2\/users\/2"}],"replies":[{"embeddable":true,"href":"https:\/\/miradyved.org\/index.php\/wp-json\/wp\/v2\/comments?post=731"}],"version-history":[{"count":10,"href":"https:\/\/miradyved.org\/index.php\/wp-json\/wp\/v2\/pages\/731\/revisions"}],"predecessor-version":[{"id":8178,"href":"https:\/\/miradyved.org\/index.php\/wp-json\/wp\/v2\/pages\/731\/revisions\/8178"}],"wp:attachment":[{"href":"https:\/\/miradyved.org\/index.php\/wp-json\/wp\/v2\/media?parent=731"}],"curies":[{"name":"wp","href":"https:\/\/api.w.org\/{rel}","templated":true}]}}