{"id":739,"date":"2024-02-19T14:47:33","date_gmt":"2024-02-19T14:47:33","guid":{"rendered":"https:\/\/miradyved.ihermandad.es\/?page_id=739"},"modified":"2024-02-19T14:48:23","modified_gmt":"2024-02-19T14:48:23","slug":"portal-del-hermano","status":"publish","type":"page","link":"https:\/\/miradyved.org\/index.php\/portal-del-hermano\/","title":{"rendered":"PORTAL DEL HERMANO"},"content":{"rendered":"\t\t<div data-elementor-type=\"wp-page\" data-elementor-id=\"739\" class=\"elementor elementor-739\" data-elementor-post-type=\"page\">\n\t\t\t\t<div class=\"elementor-element elementor-element-d8c802e e-flex e-con-boxed e-con e-parent\" data-id=\"d8c802e\" data-element_type=\"container\" data-e-type=\"container\">\n\t\t\t\t\t<div class=\"e-con-inner\">\n\t\t\t\t<div class=\"elementor-element elementor-element-7d6e9a1 elementor-widget elementor-widget-text-editor\" data-id=\"7d6e9a1\" data-element_type=\"widget\" data-e-type=\"widget\" data-widget_type=\"text-editor.default\">\n\t\t\t\t<div class=\"elementor-widget-container\">\n\t\t\t\t\t\t\t\t\t<p><span style=\"color: var( --e-global-color-text ); text-align: var(--text-align); font-size: 1rem;\">Te recordamos que es muy importante tener tus datos personales actualizados en nuestra base de datos para que no se produzcan errores en el cobro de las cuotas, en la elaboraci\u00f3n del censo de hermanos y en el env\u00edo de cartas y boletines a los respectivos domicilios.<\/span><br><\/p>\n<p><\/p>\n<ul>\n<li><a href=\"https:\/\/miradyved.org\/wp-content\/uploads\/2010\/03\/ModificacionDatos_Mayores16.pdf\"><strong>Solicitud modificaci\u00f3n de datos mayores de 16 a\u00f1os<\/strong><\/a><\/li>\n<li><a href=\"https:\/\/miradyved.org\/wp-content\/uploads\/2010\/03\/ModificacionDatos_Menores16.pdf\"><strong>Solicitud modificaci\u00f3n de datos menores de 16 a\u00f1os<\/strong><\/a><\/li>\n<\/ul>\n<p>Si has cambiado tu direcci\u00f3n, si se ha producido alguna otra variaci\u00f3n en tus datos personales o hace tiempo que no recibes correspondencia de la Hermandad, te rogamos lo hagas saber a la Secretar\u00eda mediante correo electr\u00f3nico, correo postal, o directamente person\u00e1ndote en la Casa Hermandad.<\/p>\n<p><\/p>\n<p>Finalmente, si deseas causar baja voluntaria en la Hermandad, puedes hacerlo rellenando el siguiente formulario y entreg\u00e1ndolo en Secretar\u00eda.<\/p>\n<p><\/p>\n<ul>\n<li><a href=\"https:\/\/miradyved.org\/wp-content\/uploads\/2010\/03\/BajaVoluntaria.pdf\"><strong>Solicitud de Baja<\/strong><\/a><\/li>\n<\/ul>\n<p><\/p>\n<p><strong>Secretario:&nbsp;<\/strong>Antonio Blanco S\u00e1nchez<br><strong>Contacto:<\/strong>&nbsp;<a href=\"mailto:secretario@miradyved.org\">secretario@miradyved.org<\/a><\/p>\t\t\t\t\t\t\t\t<\/div>\n\t\t\t\t<\/div>\n\t\t\t\t\t<\/div>\n\t\t\t\t<\/div>\n\t\t\t\t<\/div>\n\t\t","protected":false},"excerpt":{"rendered":"<p>Te recordamos que es muy importante tener tus datos personales actualizados en nuestra base de datos para que no se produzcan errores en el cobro de las cuotas, en la elaboraci\u00f3n del censo de hermanos y en el env\u00edo de cartas y boletines a los respectivos domicilios. Solicitud modificaci\u00f3n de datos mayores de 16 a\u00f1os [&hellip;]<\/p>\n","protected":false},"author":2,"featured_media":0,"parent":0,"menu_order":0,"comment_status":"closed","ping_status":"closed","template":"","meta":{"footnotes":""},"class_list":["post-739","page","type-page","status-publish","hentry"],"_links":{"self":[{"href":"https:\/\/miradyved.org\/index.php\/wp-json\/wp\/v2\/pages\/739","targetHints":{"allow":["GET"]}}],"collection":[{"href":"https:\/\/miradyved.org\/index.php\/wp-json\/wp\/v2\/pages"}],"about":[{"href":"https:\/\/miradyved.org\/index.php\/wp-json\/wp\/v2\/types\/page"}],"author":[{"embeddable":true,"href":"https:\/\/miradyved.org\/index.php\/wp-json\/wp\/v2\/users\/2"}],"replies":[{"embeddable":true,"href":"https:\/\/miradyved.org\/index.php\/wp-json\/wp\/v2\/comments?post=739"}],"version-history":[{"count":4,"href":"https:\/\/miradyved.org\/index.php\/wp-json\/wp\/v2\/pages\/739\/revisions"}],"predecessor-version":[{"id":743,"href":"https:\/\/miradyved.org\/index.php\/wp-json\/wp\/v2\/pages\/739\/revisions\/743"}],"wp:attachment":[{"href":"https:\/\/miradyved.org\/index.php\/wp-json\/wp\/v2\/media?parent=739"}],"curies":[{"name":"wp","href":"https:\/\/api.w.org\/{rel}","templated":true}]}}